{"id":122,"date":"2021-10-05T11:26:52","date_gmt":"2021-10-05T11:26:52","guid":{"rendered":"https:\/\/anuncialoquequieras.com\/clasificados-ofertas-segunda-mano\/?page_id=122"},"modified":"2021-12-11T21:57:48","modified_gmt":"2021-12-11T21:57:48","slug":"other-countries","status":"publish","type":"page","link":"https:\/\/anuncialoquequieras.com\/clasificados-ofertas-segunda-mano\/other-countries\/","title":{"rendered":"other countries"},"content":{"rendered":"\n<p class=\"has-text-align-center has-large-font-size\" style=\"line-height:1\"><strong><span class=\"has-inline-color has-black-color\">how to market globally?<\/span><\/strong><\/p>\n\n\n\n<div class=\"wp-block-image is-style-default\"><figure class=\"aligncenter size-large is-resized\"><img loading=\"lazy\" decoding=\"async\" src=\"https:\/\/anuncialoquequieras.com\/wp-content\/uploads\/2021\/10\/paises-1024x570.jpg\" alt=\"\" class=\"wp-image-583\" width=\"337\" height=\"188\" srcset=\"https:\/\/anuncialoquequieras.com\/wp-content\/uploads\/2021\/10\/paises-1024x570.jpg 1024w, https:\/\/anuncialoquequieras.com\/wp-content\/uploads\/2021\/10\/paises-300x167.jpg 300w, https:\/\/anuncialoquequieras.com\/wp-content\/uploads\/2021\/10\/paises-768x428.jpg 768w, https:\/\/anuncialoquequieras.com\/wp-content\/uploads\/2021\/10\/paises.jpg 1185w\" sizes=\"auto, (max-width: 337px) 100vw, 337px\" \/><\/figure><\/div>\n\n\n\n<div align=\"center\">\n<br>\n<select name=\"country\" size=\"1\" class=\"texto\" style=\"background-color: #FDF5E6; border-left-style: solid; border-right-style: solid; border-top-style: outset; border-top-color: #ED1C24; border-bottom-style: outset; border-bottom-color: #ED1C24\" onchange=\"location = this.options[this.selectedIndex].value;\">\n\n<option selected=\"selected\" disabled=\"disabled\">other countries<\/option> \n<option value=\"https:\/\/anuncialoquequieras.com\/clasificados-ofertas-segunda-mano\/category\/international-best-offers-ranked\">International<\/option>\n<option value=\"\" disabled=\"disabled\">&#8230;<\/option>\n<option value=\"https:\/\/anuncialoquequieras.com\/clasificados-ofertas-segunda-mano\/category\/andorra-mejores-ofertas-clasificadas\">Andorra<\/option>\n<option value=\"https:\/\/anuncialoquequieras.com\/clasificados-ofertas-segunda-mano\/category\/belgium-best-offers-ranked\">Belgium<\/option>\n<option value=\"https:\/\/anuncialoquequieras.com\/clasificados-ofertas-segunda-mano\/category\/china-best-offers-ranked\">China<\/option>\n<option value=\"https:\/\/anuncialoquequieras.com\/clasificados-ofertas-segunda-mano\/category\/deutschland-beste-angebote-rangliste\">Deutschland<\/option>\n<option value=\"https:\/\/anuncialoquequieras.com\/clasificados-ofertas-segunda-mano\/category\/france-meilleures-offres-classees\">France<\/option>\n<option value=\"https:\/\/anuncialoquequieras.com\/clasificados-ofertas-segunda-mano\/category\/guinea-ecuatorial-mejores-ofertas-clasificadas\">Guinea Ecuatorial<\/option>\n<option value=\"https:\/\/anuncialoquequieras.com\/clasificados-ofertas-segunda-mano\/category\/india-best-offers-ranked\">India<\/option>\n<option value=\"https:\/\/anuncialoquequieras.com\/clasificados-ofertas-segunda-mano\/category\/pakistan-best-offers-ranked\">Pakistan<\/option>\n<option value=\"https:\/\/anuncialoquequieras.com\/clasificados-ofertas-segunda-mano\/category\/united-kingdom-best-offers-ranked\n\">United Kingdom<\/option>\n<option value=\"https:\/\/anuncialoquequieras.com\/clasificados-ofertas-segunda-mano\/category\/united-states-best-offers-ranked\">United States<\/option>\n\n<option value=\"\" disabled=\"disabled\">&#8230;<\/option> \n<option value=\"https:\/\/anuncialoquequieras.com\/clasificados-ofertas-segunda-mano\/category\/argentina-mejores-ofertas-clasificadas\">Argentina<\/option>\n<option value=\"https:\/\/anuncialoquequieras.com\/clasificados-ofertas-segunda-mano\/category\/chile-mejores-ofertas-clasificadas\">Chile<\/option>\n<option value=\"https:\/\/anuncialoquequieras.com\/clasificados-ofertas-segunda-mano\/category\/colombia-mejores-ofertas-clasificadas\">Colombia<\/option>\n<option value=\"https:\/\/anuncialoquequieras.com\/clasificados-ofertas-segunda-mano\/category\/costa-rica-mejores-ofertas-clasificadas\">Costa Rica<\/option>\n<option value=\"https:\/\/anuncialoquequieras.com\/clasificados-ofertas-segunda-mano\/category\/cuba-mejores-ofertas-clasificadas\">Cuba<\/option>\n<option value=\"https:\/\/anuncialoquequieras.com\/clasificados-ofertas-segunda-mano\/category\/ecuador-mejores-ofertas-clasificadas\">Ecuador<\/option>\n<option value=\"https:\/\/anuncialoquequieras.com\/clasificados-ofertas-segunda-mano\/category\/guatemala-mejores-ofertas-clasificadas\">Guatemala<\/option>\n<option value=\"https:\/\/anuncialoquequieras.com\/clasificados-ofertas-segunda-mano\/category\/honduras-mejores-ofertas-clasificadas\">Honduras<\/option>\n<option value=\"https:\/\/anuncialoquequieras.com\/clasificados-ofertas-segunda-mano\/category\/mexico-mejores-ofertas-clasificadas\">M\u00e9xico<\/option>\n<option value=\"https:\/\/anuncialoquequieras.com\/clasificados-ofertas-segunda-mano\/category\/nicaragua-mejores-ofertas-clasificadas\">Nicaragua<\/option>\n<option value=\"https:\/\/anuncialoquequieras.com\/clasificados-ofertas-segunda-mano\/category\/panama-mejores-ofertas-clasificadas\">Panam\u00e1<\/option>\n<option value=\"https:\/\/anuncialoquequieras.com\/clasificados-ofertas-segunda-mano\/category\/paraguay-mejores-ofertas-clasificadas\">Paraguay<\/option>\n<option value=\"https:\/\/anuncialoquequieras.com\/clasificados-ofertas-segunda-mano\/category\/peru-mejores-ofertas-clasificadas\">Per\u00fa<\/option>\n<option value=\"https:\/\/anuncialoquequieras.com\/clasificados-ofertas-segunda-mano\/category\/puerto-rico-mejores-ofertas-clasificadas\">Puerto Rico<\/option>\n<option value=\"https:\/\/anuncialoquequieras.com\/clasificados-ofertas-segunda-mano\/category\/republica-dominicana-mejores-ofertas-clasificadas\">Rep. Dominicana<\/option>\n<option value=\"https:\/\/anuncialoquequieras.com\/clasificados-ofertas-segunda-mano\/category\/uruguay-mejores-ofertas-clasificadas\">Uruguay<\/option>\n<option value=\"https:\/\/anuncialoquequieras.com\/clasificados-ofertas-segunda-mano\/category\/venezuela-mejores-ofertas-clasificadas\">Venezuela<\/option>\n<option value=\"\" disabled=\"disabled\">&#8230;<\/option> \n\n<\/select>\n<\/div>\n\n\n\n<hr class=\"wp-block-separator\"\/>\n\n\n\n<p class=\"caja-destacada\">How to promote your business internationally?<\/p>\n\n\n\n<p>To find customers in&nbsp;other countries, you could invest in an SEO campaign, or use pay-per-click&nbsp;advertising&nbsp;to promote your products.<\/p>\n\n\n\n<p>For example, <strong>Google Ads<\/strong>, allows you <strong>to appear in more searches <\/strong>and get a large part of users to find your company (offers sponsored advertising to your potential advertisers).<\/p>\n\n\n\n<p>PTo do this, we will write &#8220;<strong>Google Adwords<\/strong>&#8221; in our search engine and we will easily create an account (free of charge).<\/p>\n\n\n\n<p>Through classified ads, we offer indirect advertising in organic searches.<\/p>\n\n\n\n<p class=\"caja-destacada\">To begin with, you are required to select category, ad type &amp; choose your city\/s of publication.<\/p>\n\n\n\n<p>Select the header of your <strong>Classified advertisement<\/strong>, write the ad and attach images.<\/p>\n\n\n\n<p class=\"has-text-align-center\"><strong>&lt;&lt;<\/strong> <span style=\"color:#008000\" class=\"has-inline-color\"><strong>good luck with your classified ad<\/strong><\/span> <strong>&gt;&gt;<\/strong><\/p>\n","protected":false},"excerpt":{"rendered":"<p>how to market globally? other countriesInternational&#8230;AndorraBelgiumChinaDeutschlandFranceGuinea EcuatorialIndiaPakistanUnited KingdomUnited States&#8230;ArgentinaChileColombiaCosta RicaCubaEcuadorGuatemalaHondurasM\u00e9xicoNicaraguaPanam\u00e1ParaguayPer\u00faPuerto RicoRep. DominicanaUruguayVenezuela&#8230; How to promote your business internationally? To find customers in&nbsp;other countries, you could invest in an SEO campaign, or use pay-per-click&nbsp;advertising&nbsp;to promote your products. For example, Google Ads, allows you to appear in more searches and get a large part of users to&hellip; <a class=\"more-link\" href=\"https:\/\/anuncialoquequieras.com\/clasificados-ofertas-segunda-mano\/other-countries\/\">Seguir leyendo <span class=\"screen-reader-text\">other countries<\/span><\/a><\/p>\n","protected":false},"author":1,"featured_media":0,"parent":0,"menu_order":0,"comment_status":"closed","ping_status":"closed","template":"","meta":{"footnotes":""},"class_list":["post-122","page","type-page","status-publish","hentry","entry"],"yoast_head":"<!-- This site is optimized with the Yoast SEO plugin v27.3 - https:\/\/yoast.com\/product\/yoast-seo-wordpress\/ -->\n<title>other countries - anuncialoquequieras<\/title>\n<meta name=\"robots\" content=\"index, follow, max-snippet:-1, max-image-preview:large, max-video-preview:-1\" \/>\n<link rel=\"canonical\" href=\"https:\/\/anuncialoquequieras.com\/clasificados-ofertas-segunda-mano\/other-countries\/\" \/>\n<meta property=\"og:locale\" content=\"es_ES\" \/>\n<meta property=\"og:type\" content=\"article\" \/>\n<meta property=\"og:title\" content=\"other countries - anuncialoquequieras\" \/>\n<meta property=\"og:description\" content=\"how to market globally? other countriesInternational&#8230;AndorraBelgiumChinaDeutschlandFranceGuinea EcuatorialIndiaPakistanUnited KingdomUnited States&#8230;ArgentinaChileColombiaCosta RicaCubaEcuadorGuatemalaHondurasM\u00e9xicoNicaraguaPanam\u00e1ParaguayPer\u00faPuerto RicoRep. DominicanaUruguayVenezuela&#8230; How to promote your business internationally? To find customers in&nbsp;other countries, you could invest in an SEO campaign, or use pay-per-click&nbsp;advertising&nbsp;to promote your products. For example, Google Ads, allows you to appear in more searches and get a large part of users to&hellip; Seguir leyendo other countries\" \/>\n<meta property=\"og:url\" content=\"https:\/\/anuncialoquequieras.com\/clasificados-ofertas-segunda-mano\/other-countries\/\" \/>\n<meta property=\"og:site_name\" content=\"anuncialoquequieras\" \/>\n<meta property=\"article:publisher\" content=\"https:\/\/es-la.facebook.com\/anuncialoquequieras.es\/\" \/>\n<meta property=\"article:modified_time\" content=\"2021-12-11T21:57:48+00:00\" \/>\n<meta property=\"og:image\" content=\"https:\/\/anuncialoquequieras.com\/wp-content\/uploads\/2021\/10\/paises-1024x570.jpg\" \/>\n<meta name=\"twitter:card\" content=\"summary_large_image\" \/>\n<meta name=\"twitter:site\" content=\"@enClasificados\" \/>\n<meta name=\"twitter:label1\" content=\"Tiempo de lectura\" \/>\n\t<meta name=\"twitter:data1\" content=\"1 minuto\" \/>\n<script type=\"application\/ld+json\" class=\"yoast-schema-graph\">{\"@context\":\"https:\\\/\\\/schema.org\",\"@graph\":[{\"@type\":\"WebPage\",\"@id\":\"https:\\\/\\\/anuncialoquequieras.com\\\/clasificados-ofertas-segunda-mano\\\/other-countries\\\/\",\"url\":\"https:\\\/\\\/anuncialoquequieras.com\\\/clasificados-ofertas-segunda-mano\\\/other-countries\\\/\",\"name\":\"other countries - anuncialoquequieras\",\"isPartOf\":{\"@id\":\"https:\\\/\\\/anuncialoquequieras.com\\\/clasificados-ofertas-segunda-mano\\\/#website\"},\"primaryImageOfPage\":{\"@id\":\"https:\\\/\\\/anuncialoquequieras.com\\\/clasificados-ofertas-segunda-mano\\\/other-countries\\\/#primaryimage\"},\"image\":{\"@id\":\"https:\\\/\\\/anuncialoquequieras.com\\\/clasificados-ofertas-segunda-mano\\\/other-countries\\\/#primaryimage\"},\"thumbnailUrl\":\"https:\\\/\\\/anuncialoquequieras.com\\\/wp-content\\\/uploads\\\/2021\\\/10\\\/paises-1024x570.jpg\",\"datePublished\":\"2021-10-05T11:26:52+00:00\",\"dateModified\":\"2021-12-11T21:57:48+00:00\",\"breadcrumb\":{\"@id\":\"https:\\\/\\\/anuncialoquequieras.com\\\/clasificados-ofertas-segunda-mano\\\/other-countries\\\/#breadcrumb\"},\"inLanguage\":\"es\",\"potentialAction\":[{\"@type\":\"ReadAction\",\"target\":[\"https:\\\/\\\/anuncialoquequieras.com\\\/clasificados-ofertas-segunda-mano\\\/other-countries\\\/\"]}]},{\"@type\":\"ImageObject\",\"inLanguage\":\"es\",\"@id\":\"https:\\\/\\\/anuncialoquequieras.com\\\/clasificados-ofertas-segunda-mano\\\/other-countries\\\/#primaryimage\",\"url\":\"https:\\\/\\\/anuncialoquequieras.com\\\/wp-content\\\/uploads\\\/2021\\\/10\\\/paises-1024x570.jpg\",\"contentUrl\":\"https:\\\/\\\/anuncialoquequieras.com\\\/wp-content\\\/uploads\\\/2021\\\/10\\\/paises-1024x570.jpg\"},{\"@type\":\"BreadcrumbList\",\"@id\":\"https:\\\/\\\/anuncialoquequieras.com\\\/clasificados-ofertas-segunda-mano\\\/other-countries\\\/#breadcrumb\",\"itemListElement\":[{\"@type\":\"ListItem\",\"position\":1,\"name\":\"Portada\",\"item\":\"https:\\\/\\\/anuncialoquequieras.com\\\/clasificados-ofertas-segunda-mano\\\/\"},{\"@type\":\"ListItem\",\"position\":2,\"name\":\"other countries\"}]},{\"@type\":\"WebSite\",\"@id\":\"https:\\\/\\\/anuncialoquequieras.com\\\/clasificados-ofertas-segunda-mano\\\/#website\",\"url\":\"https:\\\/\\\/anuncialoquequieras.com\\\/clasificados-ofertas-segunda-mano\\\/\",\"name\":\"anuncialoquequieras\",\"description\":\"nuevos y de segunda mano\",\"publisher\":{\"@id\":\"https:\\\/\\\/anuncialoquequieras.com\\\/clasificados-ofertas-segunda-mano\\\/#organization\"},\"potentialAction\":[{\"@type\":\"SearchAction\",\"target\":{\"@type\":\"EntryPoint\",\"urlTemplate\":\"https:\\\/\\\/anuncialoquequieras.com\\\/clasificados-ofertas-segunda-mano\\\/?s={search_term_string}\"},\"query-input\":{\"@type\":\"PropertyValueSpecification\",\"valueRequired\":true,\"valueName\":\"search_term_string\"}}],\"inLanguage\":\"es\"},{\"@type\":\"Organization\",\"@id\":\"https:\\\/\\\/anuncialoquequieras.com\\\/clasificados-ofertas-segunda-mano\\\/#organization\",\"name\":\"anuncialoquequieras\",\"url\":\"https:\\\/\\\/anuncialoquequieras.com\\\/clasificados-ofertas-segunda-mano\\\/\",\"logo\":{\"@type\":\"ImageObject\",\"inLanguage\":\"es\",\"@id\":\"https:\\\/\\\/anuncialoquequieras.com\\\/clasificados-ofertas-segunda-mano\\\/#\\\/schema\\\/logo\\\/image\\\/\",\"url\":\"https:\\\/\\\/anuncialoquequieras.com\\\/wp-content\\\/uploads\\\/2021\\\/12\\\/clasificados.jpg\",\"contentUrl\":\"https:\\\/\\\/anuncialoquequieras.com\\\/wp-content\\\/uploads\\\/2021\\\/12\\\/clasificados.jpg\",\"width\":398,\"height\":375,\"caption\":\"anuncialoquequieras\"},\"image\":{\"@id\":\"https:\\\/\\\/anuncialoquequieras.com\\\/clasificados-ofertas-segunda-mano\\\/#\\\/schema\\\/logo\\\/image\\\/\"},\"sameAs\":[\"https:\\\/\\\/es-la.facebook.com\\\/anuncialoquequieras.es\\\/\",\"https:\\\/\\\/x.com\\\/enClasificados\",\"https:\\\/\\\/www.instagram.com\\\/anuncialoquequieras\\\/\",\"https:\\\/\\\/www.youtube.com\\\/watch?v=KxiauMKONpM\"]}]}<\/script>\n<!-- \/ Yoast SEO plugin. -->","yoast_head_json":{"title":"other countries - anuncialoquequieras","robots":{"index":"index","follow":"follow","max-snippet":"max-snippet:-1","max-image-preview":"max-image-preview:large","max-video-preview":"max-video-preview:-1"},"canonical":"https:\/\/anuncialoquequieras.com\/clasificados-ofertas-segunda-mano\/other-countries\/","og_locale":"es_ES","og_type":"article","og_title":"other countries - anuncialoquequieras","og_description":"how to market globally? other countriesInternational&#8230;AndorraBelgiumChinaDeutschlandFranceGuinea EcuatorialIndiaPakistanUnited KingdomUnited States&#8230;ArgentinaChileColombiaCosta RicaCubaEcuadorGuatemalaHondurasM\u00e9xicoNicaraguaPanam\u00e1ParaguayPer\u00faPuerto RicoRep. DominicanaUruguayVenezuela&#8230; How to promote your business internationally? To find customers in&nbsp;other countries, you could invest in an SEO campaign, or use pay-per-click&nbsp;advertising&nbsp;to promote your products. For example, Google Ads, allows you to appear in more searches and get a large part of users to&hellip; Seguir leyendo other countries","og_url":"https:\/\/anuncialoquequieras.com\/clasificados-ofertas-segunda-mano\/other-countries\/","og_site_name":"anuncialoquequieras","article_publisher":"https:\/\/es-la.facebook.com\/anuncialoquequieras.es\/","article_modified_time":"2021-12-11T21:57:48+00:00","og_image":[{"url":"https:\/\/anuncialoquequieras.com\/wp-content\/uploads\/2021\/10\/paises-1024x570.jpg","type":"","width":"","height":""}],"twitter_card":"summary_large_image","twitter_site":"@enClasificados","twitter_misc":{"Tiempo de lectura":"1 minuto"},"schema":{"@context":"https:\/\/schema.org","@graph":[{"@type":"WebPage","@id":"https:\/\/anuncialoquequieras.com\/clasificados-ofertas-segunda-mano\/other-countries\/","url":"https:\/\/anuncialoquequieras.com\/clasificados-ofertas-segunda-mano\/other-countries\/","name":"other countries - anuncialoquequieras","isPartOf":{"@id":"https:\/\/anuncialoquequieras.com\/clasificados-ofertas-segunda-mano\/#website"},"primaryImageOfPage":{"@id":"https:\/\/anuncialoquequieras.com\/clasificados-ofertas-segunda-mano\/other-countries\/#primaryimage"},"image":{"@id":"https:\/\/anuncialoquequieras.com\/clasificados-ofertas-segunda-mano\/other-countries\/#primaryimage"},"thumbnailUrl":"https:\/\/anuncialoquequieras.com\/wp-content\/uploads\/2021\/10\/paises-1024x570.jpg","datePublished":"2021-10-05T11:26:52+00:00","dateModified":"2021-12-11T21:57:48+00:00","breadcrumb":{"@id":"https:\/\/anuncialoquequieras.com\/clasificados-ofertas-segunda-mano\/other-countries\/#breadcrumb"},"inLanguage":"es","potentialAction":[{"@type":"ReadAction","target":["https:\/\/anuncialoquequieras.com\/clasificados-ofertas-segunda-mano\/other-countries\/"]}]},{"@type":"ImageObject","inLanguage":"es","@id":"https:\/\/anuncialoquequieras.com\/clasificados-ofertas-segunda-mano\/other-countries\/#primaryimage","url":"https:\/\/anuncialoquequieras.com\/wp-content\/uploads\/2021\/10\/paises-1024x570.jpg","contentUrl":"https:\/\/anuncialoquequieras.com\/wp-content\/uploads\/2021\/10\/paises-1024x570.jpg"},{"@type":"BreadcrumbList","@id":"https:\/\/anuncialoquequieras.com\/clasificados-ofertas-segunda-mano\/other-countries\/#breadcrumb","itemListElement":[{"@type":"ListItem","position":1,"name":"Portada","item":"https:\/\/anuncialoquequieras.com\/clasificados-ofertas-segunda-mano\/"},{"@type":"ListItem","position":2,"name":"other countries"}]},{"@type":"WebSite","@id":"https:\/\/anuncialoquequieras.com\/clasificados-ofertas-segunda-mano\/#website","url":"https:\/\/anuncialoquequieras.com\/clasificados-ofertas-segunda-mano\/","name":"anuncialoquequieras","description":"nuevos y de segunda mano","publisher":{"@id":"https:\/\/anuncialoquequieras.com\/clasificados-ofertas-segunda-mano\/#organization"},"potentialAction":[{"@type":"SearchAction","target":{"@type":"EntryPoint","urlTemplate":"https:\/\/anuncialoquequieras.com\/clasificados-ofertas-segunda-mano\/?s={search_term_string}"},"query-input":{"@type":"PropertyValueSpecification","valueRequired":true,"valueName":"search_term_string"}}],"inLanguage":"es"},{"@type":"Organization","@id":"https:\/\/anuncialoquequieras.com\/clasificados-ofertas-segunda-mano\/#organization","name":"anuncialoquequieras","url":"https:\/\/anuncialoquequieras.com\/clasificados-ofertas-segunda-mano\/","logo":{"@type":"ImageObject","inLanguage":"es","@id":"https:\/\/anuncialoquequieras.com\/clasificados-ofertas-segunda-mano\/#\/schema\/logo\/image\/","url":"https:\/\/anuncialoquequieras.com\/wp-content\/uploads\/2021\/12\/clasificados.jpg","contentUrl":"https:\/\/anuncialoquequieras.com\/wp-content\/uploads\/2021\/12\/clasificados.jpg","width":398,"height":375,"caption":"anuncialoquequieras"},"image":{"@id":"https:\/\/anuncialoquequieras.com\/clasificados-ofertas-segunda-mano\/#\/schema\/logo\/image\/"},"sameAs":["https:\/\/es-la.facebook.com\/anuncialoquequieras.es\/","https:\/\/x.com\/enClasificados","https:\/\/www.instagram.com\/anuncialoquequieras\/","https:\/\/www.youtube.com\/watch?v=KxiauMKONpM"]}]}},"_links":{"self":[{"href":"https:\/\/anuncialoquequieras.com\/clasificados-ofertas-segunda-mano\/wp-json\/wp\/v2\/pages\/122","targetHints":{"allow":["GET"]}}],"collection":[{"href":"https:\/\/anuncialoquequieras.com\/clasificados-ofertas-segunda-mano\/wp-json\/wp\/v2\/pages"}],"about":[{"href":"https:\/\/anuncialoquequieras.com\/clasificados-ofertas-segunda-mano\/wp-json\/wp\/v2\/types\/page"}],"author":[{"embeddable":true,"href":"https:\/\/anuncialoquequieras.com\/clasificados-ofertas-segunda-mano\/wp-json\/wp\/v2\/users\/1"}],"replies":[{"embeddable":true,"href":"https:\/\/anuncialoquequieras.com\/clasificados-ofertas-segunda-mano\/wp-json\/wp\/v2\/comments?post=122"}],"version-history":[{"count":92,"href":"https:\/\/anuncialoquequieras.com\/clasificados-ofertas-segunda-mano\/wp-json\/wp\/v2\/pages\/122\/revisions"}],"predecessor-version":[{"id":2062,"href":"https:\/\/anuncialoquequieras.com\/clasificados-ofertas-segunda-mano\/wp-json\/wp\/v2\/pages\/122\/revisions\/2062"}],"wp:attachment":[{"href":"https:\/\/anuncialoquequieras.com\/clasificados-ofertas-segunda-mano\/wp-json\/wp\/v2\/media?parent=122"}],"curies":[{"name":"wp","href":"https:\/\/api.w.org\/{rel}","templated":true}]}}