{"id":1564,"date":"2021-11-09T11:48:09","date_gmt":"2021-11-09T11:48:09","guid":{"rendered":"https:\/\/anuncialoquequieras.com\/clasificados-ofertas-segunda-mano\/?page_id=1564"},"modified":"2021-11-09T17:49:07","modified_gmt":"2021-11-09T17:49:07","slug":"terapias-alternativas-naturales","status":"publish","type":"page","link":"https:\/\/anuncialoquequieras.com\/clasificados-ofertas-segunda-mano\/terapias-alternativas-naturales\/","title":{"rendered":"Terapias"},"content":{"rendered":"\n<div align=\"center\">\n<br>\n<select name=\"country\" size=\"1\" class=\"texto\" style=\"background-color: #FDF5E6; border-left-style: solid; border-right-style: solid; border-top-style: outset; border-top-color: #ED1C24; border-bottom-style: outset; border-bottom-color: #ED1C24\" onchange=\"location = this.options[this.selectedIndex].value;\">\n\n<option selected=\"selected\" disabled=\"disabled\">elija categor\u00eda<\/option>\n\n<option value=\"https:\/\/anuncialoquequieras.com\/clasificados-ofertas-segunda-mano\/category\/naturopatas\">Natur\u00f3patas<\/option>\n<option value=\"https:\/\/anuncialoquequieras.com\/clasificados-ofertas-segunda-mano\/category\/osteopatia\">Osteopat\u00eda<\/option>\n<option value=\"https:\/\/anuncialoquequieras.com\/clasificados-ofertas-segunda-mano\/category\/psicoterapeuta\">Psicoterapeutas<\/option>\n<option value=\"https:\/\/anuncialoquequieras.com\/clasificados-ofertas-segunda-mano\/category\/reiki\">Reiki<\/option>\n\n<\/select>\n<\/div>\n\n\n\n<div style=\"height:13px\" aria-hidden=\"true\" class=\"wp-block-spacer\"><\/div>\n\n\n\n<hr class=\"wp-block-separator\"\/>\n\n\n\n<div style=\"height:13px\" aria-hidden=\"true\" class=\"wp-block-spacer\"><\/div>\n\n\n\n<p class=\"caja-destacada\">principalmente, los anunciantes, pueden clasificar sus anuncios en los diversos tratamientos y terapias.<\/p>\n\n\n\n<h2 class=\"wp-block-heading\">\u00bfCu\u00e1les son las principales terapias alternativas?<\/h2>\n\n\n\n<p>Normalmente, cuando hablamos de las <strong>terapias alternativas<\/strong>, estamos haciendo referencia a los tratamientos no convencionales que se suelen utilizar en contraposici\u00f3n a los tratamientos convencionales.<\/p>\n\n\n\n<div class=\"wp-block-image\"><figure class=\"aligncenter size-full\"><img loading=\"lazy\" decoding=\"async\" width=\"571\" height=\"402\" src=\"https:\/\/anuncialoquequieras.com\/wp-content\/uploads\/2021\/11\/terapia.jpg\" alt=\"\" class=\"wp-image-1572\" srcset=\"https:\/\/anuncialoquequieras.com\/wp-content\/uploads\/2021\/11\/terapia.jpg 571w, https:\/\/anuncialoquequieras.com\/wp-content\/uploads\/2021\/11\/terapia-300x211.jpg 300w\" sizes=\"auto, (max-width: 571px) 100vw, 571px\" \/><figcaption>terapias complementarias<\/figcaption><\/figure><\/div>\n\n\n\n<p>Por otra banda, las&nbsp;<strong>terapias&nbsp;complementarias<\/strong>, suelen hacer referencias a los tratamientos convencionales, &#8220;se complementan&#8221;.<\/p>\n\n\n\n<p class=\"caja-destacada\">Generalmente abarcan diversas disciplinas, que pueden incluir dieta y ejercicios, muchas veces, ejerciendo efectos sobre la condici\u00f3n mental.<\/p>\n\n\n\n<p>&#8220;<strong>Medicina&nbsp;complementaria&nbsp;alternativa<\/strong>&#8221;&nbsp;utilizada en consultas, puede ayudar a la recuperaci\u00f3n o prevenci\u00f3n de lesiones o patolog\u00edas, normalmente estas terapias, van acompa\u00f1adas por h\u00e1bitos y cambios en el estilo de vida (tendencia + saludable).<\/p>\n\n\n\n<h2 class=\"wp-block-heading\">sistemas m\u00e9dicos hol\u00edsticos<\/h2>\n\n\n\n<p>Definido claramente en su filosof\u00eda, describe la enfermedad, aportando diagn\u00f3stico y tratamiento.<\/p>\n\n\n\n<p>Su teor\u00eda se basa principalmente en factores que afectan al cuerpo y a la mente, normalmente debidos a desequilibrios ambientales, sociales, f\u00edsico-espirituales o emocionales.<\/p>\n\n\n\n<div class=\"wp-block-image\"><figure class=\"aligncenter size-full\"><img loading=\"lazy\" decoding=\"async\" width=\"143\" height=\"151\" src=\"https:\/\/anuncialoquequieras.com\/wp-content\/uploads\/2021\/11\/homeopatia.jpg\" alt=\"\" class=\"wp-image-1579\"\/><\/figure><\/div>\n\n\n\n<ul class=\"wp-block-list\"><li>Ayurveda, medicina tradicional y alternativa de la India<\/li><li>Homeopat\u00eda, con la doctrina de \u00ablo similar cura lo similar\u00bb<\/li><li>Naturopat\u00eda, curaciones \u00abnaturales\u00bb y \u00abno invasivas\u00bb<\/li><li>t\u00e9cnicas craneo-sacras, (neuromusculosquel\u00e9tico)<\/li><li>la extensa medicina tradicional china (MTC)<\/li><\/ul>\n\n\n\n<h2 class=\"wp-block-heading\">t\u00e9cnicas mente cuerpo<\/h2>\n\n\n\n<p>Se incluye meditaci\u00f3n,&nbsp;t\u00e9cnicas&nbsp;de respiraci\u00f3n y auto relajaci\u00f3n, conciencia corporal, relajaci\u00f3n muscular y terapias de movimiento.<\/p>\n\n\n\n<ul class=\"wp-block-list\"><li>Biorretroalimentaci\u00f3n, ayuda a controlar determinadas respuestas fisiol\u00f3gicas, como la respiraci\u00f3n y la frecuencia card\u00edaca.<\/li><li>Feldenkrais sistema de educaci\u00f3n som\u00e1tica desarrollado por Moshe&nbsp;Feldenkrais, mediante sus movimientos suaves, ayuda a mejorar la coordinaci\u00f3n, la relaci\u00f3n espacial, mejorando por ello los movimientos, la postura corporal y la flexibilidad del cuerpo.<\/li><li>Hipnoterapia&nbsp;(hipnosis)<\/li><li>Qi gong y Reiki (considerada tambi\u00e9n como energ\u00e9ticas)<\/li><li>T\u00e9cnicas de relajaci\u00f3n y meditaci\u00f3n<\/li><li>Visualizaci\u00f3n guiada<\/li><\/ul>\n\n\n\n<h2 class=\"wp-block-heading\">terapias energ\u00e9ticas<\/h2>\n\n\n\n<p>Su funci\u00f3n principal es generar bienestar al cuerpo, con ello, se tiende a equilibrar la corriente de energ\u00eda del cuerpo, se disminuye el estr\u00e9s y la ansiedad, act\u00faa en los campos energ\u00e9ticos del cuerpo y en sus biocampos (alrededor de el).<\/p>\n\n\n\n<div class=\"wp-block-image\"><figure class=\"aligncenter size-full\"><img loading=\"lazy\" decoding=\"async\" width=\"430\" height=\"223\" src=\"https:\/\/anuncialoquequieras.com\/wp-content\/uploads\/2021\/11\/taichi-chuan-1.jpg\" alt=\"\" class=\"wp-image-1577\" srcset=\"https:\/\/anuncialoquequieras.com\/wp-content\/uploads\/2021\/11\/taichi-chuan-1.jpg 430w, https:\/\/anuncialoquequieras.com\/wp-content\/uploads\/2021\/11\/taichi-chuan-1-300x156.jpg 300w\" sizes=\"auto, (max-width: 430px) 100vw, 430px\" \/><figcaption>Taichi&nbsp;Chuan<\/figcaption><\/figure><\/div>\n\n\n\n<ul class=\"wp-block-list\"><li>Acupuntura<\/li><li>bioenerg\u00e9tica de&nbsp;Chakras<\/li><li>sonoterapia o vibracional<\/li><li>Taichi Chuan, ejercicio postural f\u00edsico suave y estiramiento que se practica al propio ritmo (ejercitado sin pausa)<\/li><li>toque terap\u00e9utico o sanaci\u00f3n a distancia<\/li><li>Imanes<\/li><\/ul>\n\n\n\n<h2 class=\"wp-block-heading\">biol\u00f3gicas<\/h2>\n\n\n\n<p>se emplean sustancias elaboradas con organismos vivos, para prevenir, tratar y diagnosticar diversas enfermedades.<\/p>\n\n\n\n<ul class=\"wp-block-list\"><li>fitoterapia o medicina herbal<\/li><li>productos y complementos naturales<\/li><li>terapia con quelantes, elimina metales pesados del cuerpo<\/li><li>terapia nutricional (dietoterapia) se pretende modificar malos h\u00e1bitos alimenticios, para ello, se promueve una alimentaci\u00f3n saludable y equilibrada.<\/li><\/ul>\n\n\n\n<h2 class=\"wp-block-heading\">manipulaci\u00f3n corporal<\/h2>\n\n\n\n<div class=\"wp-block-image\"><figure class=\"aligncenter size-full\"><img loading=\"lazy\" decoding=\"async\" width=\"617\" height=\"446\" src=\"https:\/\/anuncialoquequieras.com\/wp-content\/uploads\/2021\/11\/foot-reflexology-chart.jpg\" alt=\"\" class=\"wp-image-1578\" srcset=\"https:\/\/anuncialoquequieras.com\/wp-content\/uploads\/2021\/11\/foot-reflexology-chart.jpg 617w, https:\/\/anuncialoquequieras.com\/wp-content\/uploads\/2021\/11\/foot-reflexology-chart-300x217.jpg 300w\" sizes=\"auto, (max-width: 617px) 100vw, 617px\" \/><figcaption> <span style=\"color: currentcolor; font-size: var(--global--font-size-xs); background-color: var(--global--color-background); font-family: var(--global--font-secondary);\">Reflexolog\u00eda (terapia de zonas reflejas<\/span>)<\/figcaption><\/figure><\/div>\n\n\n\n<ul class=\"wp-block-list\"><li>Quiropraxia manipulaci\u00f3n&nbsp;de&nbsp;la columna vertebral u otras partes del cuerpo con fines de correcci\u00f3n postural.<\/li><li>Manipulaci\u00f3n osteop\u00e1tica. t\u00e9cnica basada en movimientos r\u00e1pidos, cortos, secos correctivos (articulaciones y huesos), orientados a aliviar el dolor y a restaurar funciones de bienestar y salud.<\/li><li>Moxibusti\u00f3n. se calienta con un &#8220;puro de Artemisa&#8221; diferentes puntos de acupuntura.<\/li><li>Reflexolog\u00eda o terapia de zonas reflejas, en ella se realiza presi\u00f3n en los pies y las manos. Generalmente tiene efectos relajantes y alivia el estr\u00e9s<\/li><li>Gua sha o raspado. Se pretende liberar c\u00e9lulas de la sangre a la superficie de la piel, para ello, se emplear\u00e1 el Gua sha, un instrumento de filo redondeado (para raspar la piel).<\/li><li>Aplicaci\u00f3n de ventosas<\/li><li>Masajes<\/li><\/ul>\n\n\n\n<p class=\"caja-destacada\">Por lo general, podemos decir que las pr\u00e1cticas y productos m\u00e9dicos que no forman parte de la atenci\u00f3n m\u00e9dica est\u00e1ndar, son los que conforman la medicina complementaria y alternativa.<\/p>\n","protected":false},"excerpt":{"rendered":"<p>elija categor\u00edaNatur\u00f3patasOsteopat\u00edaPsicoterapeutasReiki principalmente, los anunciantes, pueden clasificar sus anuncios en los diversos tratamientos y terapias. \u00bfCu\u00e1les son las principales terapias alternativas? Normalmente, cuando hablamos de las terapias alternativas, estamos haciendo referencia a los tratamientos no convencionales que se suelen utilizar en contraposici\u00f3n a los tratamientos convencionales. Por otra banda, las&nbsp;terapias&nbsp;complementarias, suelen hacer referencias a los&hellip; <a class=\"more-link\" href=\"https:\/\/anuncialoquequieras.com\/clasificados-ofertas-segunda-mano\/terapias-alternativas-naturales\/\">Seguir leyendo <span class=\"screen-reader-text\">Terapias<\/span><\/a><\/p>\n","protected":false},"author":1,"featured_media":0,"parent":0,"menu_order":0,"comment_status":"closed","ping_status":"closed","template":"","meta":{"footnotes":""},"class_list":["post-1564","page","type-page","status-publish","hentry","entry"],"yoast_head":"<!-- This site is optimized with the Yoast SEO plugin v27.3 - https:\/\/yoast.com\/product\/yoast-seo-wordpress\/ -->\n<title>Terapias - anuncialoquequieras<\/title>\n<meta name=\"robots\" content=\"index, follow, max-snippet:-1, max-image-preview:large, max-video-preview:-1\" \/>\n<link rel=\"canonical\" href=\"https:\/\/anuncialoquequieras.com\/clasificados-ofertas-segunda-mano\/terapias-alternativas-naturales\/\" \/>\n<meta property=\"og:locale\" content=\"es_ES\" \/>\n<meta property=\"og:type\" content=\"article\" \/>\n<meta property=\"og:title\" content=\"Terapias - anuncialoquequieras\" \/>\n<meta property=\"og:description\" content=\"elija categor\u00edaNatur\u00f3patasOsteopat\u00edaPsicoterapeutasReiki principalmente, los anunciantes, pueden clasificar sus anuncios en los diversos tratamientos y terapias. \u00bfCu\u00e1les son las principales terapias alternativas? Normalmente, cuando hablamos de las terapias alternativas, estamos haciendo referencia a los tratamientos no convencionales que se suelen utilizar en contraposici\u00f3n a los tratamientos convencionales. Por otra banda, las&nbsp;terapias&nbsp;complementarias, suelen hacer referencias a los&hellip; Seguir leyendo Terapias\" \/>\n<meta property=\"og:url\" content=\"https:\/\/anuncialoquequieras.com\/clasificados-ofertas-segunda-mano\/terapias-alternativas-naturales\/\" \/>\n<meta property=\"og:site_name\" content=\"anuncialoquequieras\" \/>\n<meta property=\"article:publisher\" content=\"https:\/\/es-la.facebook.com\/anuncialoquequieras.es\/\" \/>\n<meta property=\"article:modified_time\" content=\"2021-11-09T17:49:07+00:00\" \/>\n<meta property=\"og:image\" content=\"https:\/\/anuncialoquequieras.com\/wp-content\/uploads\/2021\/11\/terapia.jpg\" \/>\n<meta name=\"twitter:card\" content=\"summary_large_image\" \/>\n<meta name=\"twitter:site\" content=\"@enClasificados\" \/>\n<meta name=\"twitter:label1\" content=\"Tiempo de lectura\" \/>\n\t<meta name=\"twitter:data1\" content=\"3 minutos\" \/>\n<script type=\"application\/ld+json\" class=\"yoast-schema-graph\">{\"@context\":\"https:\\\/\\\/schema.org\",\"@graph\":[{\"@type\":\"WebPage\",\"@id\":\"https:\\\/\\\/anuncialoquequieras.com\\\/clasificados-ofertas-segunda-mano\\\/terapias-alternativas-naturales\\\/\",\"url\":\"https:\\\/\\\/anuncialoquequieras.com\\\/clasificados-ofertas-segunda-mano\\\/terapias-alternativas-naturales\\\/\",\"name\":\"Terapias - anuncialoquequieras\",\"isPartOf\":{\"@id\":\"https:\\\/\\\/anuncialoquequieras.com\\\/clasificados-ofertas-segunda-mano\\\/#website\"},\"primaryImageOfPage\":{\"@id\":\"https:\\\/\\\/anuncialoquequieras.com\\\/clasificados-ofertas-segunda-mano\\\/terapias-alternativas-naturales\\\/#primaryimage\"},\"image\":{\"@id\":\"https:\\\/\\\/anuncialoquequieras.com\\\/clasificados-ofertas-segunda-mano\\\/terapias-alternativas-naturales\\\/#primaryimage\"},\"thumbnailUrl\":\"https:\\\/\\\/anuncialoquequieras.com\\\/wp-content\\\/uploads\\\/2021\\\/11\\\/terapia.jpg\",\"datePublished\":\"2021-11-09T11:48:09+00:00\",\"dateModified\":\"2021-11-09T17:49:07+00:00\",\"breadcrumb\":{\"@id\":\"https:\\\/\\\/anuncialoquequieras.com\\\/clasificados-ofertas-segunda-mano\\\/terapias-alternativas-naturales\\\/#breadcrumb\"},\"inLanguage\":\"es\",\"potentialAction\":[{\"@type\":\"ReadAction\",\"target\":[\"https:\\\/\\\/anuncialoquequieras.com\\\/clasificados-ofertas-segunda-mano\\\/terapias-alternativas-naturales\\\/\"]}]},{\"@type\":\"ImageObject\",\"inLanguage\":\"es\",\"@id\":\"https:\\\/\\\/anuncialoquequieras.com\\\/clasificados-ofertas-segunda-mano\\\/terapias-alternativas-naturales\\\/#primaryimage\",\"url\":\"https:\\\/\\\/anuncialoquequieras.com\\\/wp-content\\\/uploads\\\/2021\\\/11\\\/terapia.jpg\",\"contentUrl\":\"https:\\\/\\\/anuncialoquequieras.com\\\/wp-content\\\/uploads\\\/2021\\\/11\\\/terapia.jpg\"},{\"@type\":\"BreadcrumbList\",\"@id\":\"https:\\\/\\\/anuncialoquequieras.com\\\/clasificados-ofertas-segunda-mano\\\/terapias-alternativas-naturales\\\/#breadcrumb\",\"itemListElement\":[{\"@type\":\"ListItem\",\"position\":1,\"name\":\"Portada\",\"item\":\"https:\\\/\\\/anuncialoquequieras.com\\\/clasificados-ofertas-segunda-mano\\\/\"},{\"@type\":\"ListItem\",\"position\":2,\"name\":\"Terapias\"}]},{\"@type\":\"WebSite\",\"@id\":\"https:\\\/\\\/anuncialoquequieras.com\\\/clasificados-ofertas-segunda-mano\\\/#website\",\"url\":\"https:\\\/\\\/anuncialoquequieras.com\\\/clasificados-ofertas-segunda-mano\\\/\",\"name\":\"anuncialoquequieras\",\"description\":\"nuevos y de segunda mano\",\"publisher\":{\"@id\":\"https:\\\/\\\/anuncialoquequieras.com\\\/clasificados-ofertas-segunda-mano\\\/#organization\"},\"potentialAction\":[{\"@type\":\"SearchAction\",\"target\":{\"@type\":\"EntryPoint\",\"urlTemplate\":\"https:\\\/\\\/anuncialoquequieras.com\\\/clasificados-ofertas-segunda-mano\\\/?s={search_term_string}\"},\"query-input\":{\"@type\":\"PropertyValueSpecification\",\"valueRequired\":true,\"valueName\":\"search_term_string\"}}],\"inLanguage\":\"es\"},{\"@type\":\"Organization\",\"@id\":\"https:\\\/\\\/anuncialoquequieras.com\\\/clasificados-ofertas-segunda-mano\\\/#organization\",\"name\":\"anuncialoquequieras\",\"url\":\"https:\\\/\\\/anuncialoquequieras.com\\\/clasificados-ofertas-segunda-mano\\\/\",\"logo\":{\"@type\":\"ImageObject\",\"inLanguage\":\"es\",\"@id\":\"https:\\\/\\\/anuncialoquequieras.com\\\/clasificados-ofertas-segunda-mano\\\/#\\\/schema\\\/logo\\\/image\\\/\",\"url\":\"https:\\\/\\\/anuncialoquequieras.com\\\/wp-content\\\/uploads\\\/2021\\\/12\\\/clasificados.jpg\",\"contentUrl\":\"https:\\\/\\\/anuncialoquequieras.com\\\/wp-content\\\/uploads\\\/2021\\\/12\\\/clasificados.jpg\",\"width\":398,\"height\":375,\"caption\":\"anuncialoquequieras\"},\"image\":{\"@id\":\"https:\\\/\\\/anuncialoquequieras.com\\\/clasificados-ofertas-segunda-mano\\\/#\\\/schema\\\/logo\\\/image\\\/\"},\"sameAs\":[\"https:\\\/\\\/es-la.facebook.com\\\/anuncialoquequieras.es\\\/\",\"https:\\\/\\\/x.com\\\/enClasificados\",\"https:\\\/\\\/www.instagram.com\\\/anuncialoquequieras\\\/\",\"https:\\\/\\\/www.youtube.com\\\/watch?v=KxiauMKONpM\"]}]}<\/script>\n<!-- \/ Yoast SEO plugin. -->","yoast_head_json":{"title":"Terapias - anuncialoquequieras","robots":{"index":"index","follow":"follow","max-snippet":"max-snippet:-1","max-image-preview":"max-image-preview:large","max-video-preview":"max-video-preview:-1"},"canonical":"https:\/\/anuncialoquequieras.com\/clasificados-ofertas-segunda-mano\/terapias-alternativas-naturales\/","og_locale":"es_ES","og_type":"article","og_title":"Terapias - anuncialoquequieras","og_description":"elija categor\u00edaNatur\u00f3patasOsteopat\u00edaPsicoterapeutasReiki principalmente, los anunciantes, pueden clasificar sus anuncios en los diversos tratamientos y terapias. \u00bfCu\u00e1les son las principales terapias alternativas? Normalmente, cuando hablamos de las terapias alternativas, estamos haciendo referencia a los tratamientos no convencionales que se suelen utilizar en contraposici\u00f3n a los tratamientos convencionales. Por otra banda, las&nbsp;terapias&nbsp;complementarias, suelen hacer referencias a los&hellip; Seguir leyendo Terapias","og_url":"https:\/\/anuncialoquequieras.com\/clasificados-ofertas-segunda-mano\/terapias-alternativas-naturales\/","og_site_name":"anuncialoquequieras","article_publisher":"https:\/\/es-la.facebook.com\/anuncialoquequieras.es\/","article_modified_time":"2021-11-09T17:49:07+00:00","og_image":[{"url":"https:\/\/anuncialoquequieras.com\/wp-content\/uploads\/2021\/11\/terapia.jpg","type":"","width":"","height":""}],"twitter_card":"summary_large_image","twitter_site":"@enClasificados","twitter_misc":{"Tiempo de lectura":"3 minutos"},"schema":{"@context":"https:\/\/schema.org","@graph":[{"@type":"WebPage","@id":"https:\/\/anuncialoquequieras.com\/clasificados-ofertas-segunda-mano\/terapias-alternativas-naturales\/","url":"https:\/\/anuncialoquequieras.com\/clasificados-ofertas-segunda-mano\/terapias-alternativas-naturales\/","name":"Terapias - anuncialoquequieras","isPartOf":{"@id":"https:\/\/anuncialoquequieras.com\/clasificados-ofertas-segunda-mano\/#website"},"primaryImageOfPage":{"@id":"https:\/\/anuncialoquequieras.com\/clasificados-ofertas-segunda-mano\/terapias-alternativas-naturales\/#primaryimage"},"image":{"@id":"https:\/\/anuncialoquequieras.com\/clasificados-ofertas-segunda-mano\/terapias-alternativas-naturales\/#primaryimage"},"thumbnailUrl":"https:\/\/anuncialoquequieras.com\/wp-content\/uploads\/2021\/11\/terapia.jpg","datePublished":"2021-11-09T11:48:09+00:00","dateModified":"2021-11-09T17:49:07+00:00","breadcrumb":{"@id":"https:\/\/anuncialoquequieras.com\/clasificados-ofertas-segunda-mano\/terapias-alternativas-naturales\/#breadcrumb"},"inLanguage":"es","potentialAction":[{"@type":"ReadAction","target":["https:\/\/anuncialoquequieras.com\/clasificados-ofertas-segunda-mano\/terapias-alternativas-naturales\/"]}]},{"@type":"ImageObject","inLanguage":"es","@id":"https:\/\/anuncialoquequieras.com\/clasificados-ofertas-segunda-mano\/terapias-alternativas-naturales\/#primaryimage","url":"https:\/\/anuncialoquequieras.com\/wp-content\/uploads\/2021\/11\/terapia.jpg","contentUrl":"https:\/\/anuncialoquequieras.com\/wp-content\/uploads\/2021\/11\/terapia.jpg"},{"@type":"BreadcrumbList","@id":"https:\/\/anuncialoquequieras.com\/clasificados-ofertas-segunda-mano\/terapias-alternativas-naturales\/#breadcrumb","itemListElement":[{"@type":"ListItem","position":1,"name":"Portada","item":"https:\/\/anuncialoquequieras.com\/clasificados-ofertas-segunda-mano\/"},{"@type":"ListItem","position":2,"name":"Terapias"}]},{"@type":"WebSite","@id":"https:\/\/anuncialoquequieras.com\/clasificados-ofertas-segunda-mano\/#website","url":"https:\/\/anuncialoquequieras.com\/clasificados-ofertas-segunda-mano\/","name":"anuncialoquequieras","description":"nuevos y de segunda mano","publisher":{"@id":"https:\/\/anuncialoquequieras.com\/clasificados-ofertas-segunda-mano\/#organization"},"potentialAction":[{"@type":"SearchAction","target":{"@type":"EntryPoint","urlTemplate":"https:\/\/anuncialoquequieras.com\/clasificados-ofertas-segunda-mano\/?s={search_term_string}"},"query-input":{"@type":"PropertyValueSpecification","valueRequired":true,"valueName":"search_term_string"}}],"inLanguage":"es"},{"@type":"Organization","@id":"https:\/\/anuncialoquequieras.com\/clasificados-ofertas-segunda-mano\/#organization","name":"anuncialoquequieras","url":"https:\/\/anuncialoquequieras.com\/clasificados-ofertas-segunda-mano\/","logo":{"@type":"ImageObject","inLanguage":"es","@id":"https:\/\/anuncialoquequieras.com\/clasificados-ofertas-segunda-mano\/#\/schema\/logo\/image\/","url":"https:\/\/anuncialoquequieras.com\/wp-content\/uploads\/2021\/12\/clasificados.jpg","contentUrl":"https:\/\/anuncialoquequieras.com\/wp-content\/uploads\/2021\/12\/clasificados.jpg","width":398,"height":375,"caption":"anuncialoquequieras"},"image":{"@id":"https:\/\/anuncialoquequieras.com\/clasificados-ofertas-segunda-mano\/#\/schema\/logo\/image\/"},"sameAs":["https:\/\/es-la.facebook.com\/anuncialoquequieras.es\/","https:\/\/x.com\/enClasificados","https:\/\/www.instagram.com\/anuncialoquequieras\/","https:\/\/www.youtube.com\/watch?v=KxiauMKONpM"]}]}},"_links":{"self":[{"href":"https:\/\/anuncialoquequieras.com\/clasificados-ofertas-segunda-mano\/wp-json\/wp\/v2\/pages\/1564","targetHints":{"allow":["GET"]}}],"collection":[{"href":"https:\/\/anuncialoquequieras.com\/clasificados-ofertas-segunda-mano\/wp-json\/wp\/v2\/pages"}],"about":[{"href":"https:\/\/anuncialoquequieras.com\/clasificados-ofertas-segunda-mano\/wp-json\/wp\/v2\/types\/page"}],"author":[{"embeddable":true,"href":"https:\/\/anuncialoquequieras.com\/clasificados-ofertas-segunda-mano\/wp-json\/wp\/v2\/users\/1"}],"replies":[{"embeddable":true,"href":"https:\/\/anuncialoquequieras.com\/clasificados-ofertas-segunda-mano\/wp-json\/wp\/v2\/comments?post=1564"}],"version-history":[{"count":13,"href":"https:\/\/anuncialoquequieras.com\/clasificados-ofertas-segunda-mano\/wp-json\/wp\/v2\/pages\/1564\/revisions"}],"predecessor-version":[{"id":1599,"href":"https:\/\/anuncialoquequieras.com\/clasificados-ofertas-segunda-mano\/wp-json\/wp\/v2\/pages\/1564\/revisions\/1599"}],"wp:attachment":[{"href":"https:\/\/anuncialoquequieras.com\/clasificados-ofertas-segunda-mano\/wp-json\/wp\/v2\/media?parent=1564"}],"curies":[{"name":"wp","href":"https:\/\/api.w.org\/{rel}","templated":true}]}}