{"id":1628,"date":"2021-11-14T02:08:22","date_gmt":"2021-11-14T02:08:22","guid":{"rendered":"https:\/\/anuncialoquequieras.com\/clasificados-ofertas-segunda-mano\/?page_id=1628"},"modified":"2021-11-14T06:12:31","modified_gmt":"2021-11-14T06:12:31","slug":"gratis-regalo","status":"publish","type":"page","link":"https:\/\/anuncialoquequieras.com\/clasificados-ofertas-segunda-mano\/gratis-regalo\/","title":{"rendered":"\u00a1Gratis! &#8211; (regalo)"},"content":{"rendered":"\n<p class=\"has-text-align-center\">ver&#8230; <strong><a target=\"_blank\" href=\"https:\/\/anuncialoquequieras.com\/clasificados-ofertas-segunda-mano\/category\/gratis-se-regala\"><span style=\"color:#1000a3\" class=\"has-inline-color\">\u00faltimos productos anunciados<\/span><\/a><\/strong><\/p>\n\n\n\n<div class=\"wp-block-image\"><figure class=\"aligncenter size-full\"><img loading=\"lazy\" decoding=\"async\" width=\"640\" height=\"320\" src=\"https:\/\/anuncialoquequieras.com\/wp-content\/uploads\/2021\/11\/ribbon-regalo.jpg\" alt=\"\" class=\"wp-image-1635\" srcset=\"https:\/\/anuncialoquequieras.com\/wp-content\/uploads\/2021\/11\/ribbon-regalo.jpg 640w, https:\/\/anuncialoquequieras.com\/wp-content\/uploads\/2021\/11\/ribbon-regalo-300x150.jpg 300w\" sizes=\"auto, (max-width: 640px) 100vw, 640px\" \/><\/figure><\/div>\n\n\n\n<h2 class=\"wp-block-heading\">productos gratuitos<\/h2>\n\n\n\n<p>anuncialoquequieras, \u00bfno lo utilizas?, \u00a1v\u00e9ndelo! o algo mucho mejor, \u00a1an\u00edmate!, y d\u00f3nalo, seguro que alguien lo est\u00e1 esperando con gran ilusi\u00f3n.<\/p>\n\n\n\n<p class=\"caja-destacada\">si lo quieres, te lo regalo.<\/p>\n\n\n\n<p>Desde estas p\u00e1ginas podr\u00e1s dar y recibir toda clase de productos, totalmente \u00a1gratis!, nuevos y de segunda mano.<\/p>\n\n\n\n<p>Suerte, esperamos que encuentres lo que tanto necesitas.<\/p>\n","protected":false},"excerpt":{"rendered":"<p>ver&#8230; \u00faltimos productos anunciados productos gratuitos anuncialoquequieras, \u00bfno lo utilizas?, \u00a1v\u00e9ndelo! o algo mucho mejor, \u00a1an\u00edmate!, y d\u00f3nalo, seguro que alguien lo est\u00e1 esperando con gran ilusi\u00f3n. si lo quieres, te lo regalo. Desde estas p\u00e1ginas podr\u00e1s dar y recibir toda clase de productos, totalmente \u00a1gratis!, nuevos y de segunda mano. Suerte, esperamos que encuentres&hellip; <a class=\"more-link\" href=\"https:\/\/anuncialoquequieras.com\/clasificados-ofertas-segunda-mano\/gratis-regalo\/\">Seguir leyendo <span class=\"screen-reader-text\">\u00a1Gratis! &#8211; (regalo)<\/span><\/a><\/p>\n","protected":false},"author":1,"featured_media":0,"parent":0,"menu_order":0,"comment_status":"closed","ping_status":"closed","template":"","meta":{"footnotes":""},"class_list":["post-1628","page","type-page","status-publish","hentry","entry"],"yoast_head":"<!-- This site is optimized with the Yoast SEO plugin v27.3 - https:\/\/yoast.com\/product\/yoast-seo-wordpress\/ -->\n<title>\u00a1Gratis! - (regalo) - anuncialoquequieras<\/title>\n<meta name=\"robots\" content=\"index, follow, max-snippet:-1, max-image-preview:large, max-video-preview:-1\" \/>\n<link rel=\"canonical\" href=\"https:\/\/anuncialoquequieras.com\/clasificados-ofertas-segunda-mano\/gratis-regalo\/\" \/>\n<meta property=\"og:locale\" content=\"es_ES\" \/>\n<meta property=\"og:type\" content=\"article\" \/>\n<meta property=\"og:title\" content=\"\u00a1Gratis! - (regalo) - anuncialoquequieras\" \/>\n<meta property=\"og:description\" content=\"ver&#8230; \u00faltimos productos anunciados productos gratuitos anuncialoquequieras, \u00bfno lo utilizas?, \u00a1v\u00e9ndelo! o algo mucho mejor, \u00a1an\u00edmate!, y d\u00f3nalo, seguro que alguien lo est\u00e1 esperando con gran ilusi\u00f3n. si lo quieres, te lo regalo. Desde estas p\u00e1ginas podr\u00e1s dar y recibir toda clase de productos, totalmente \u00a1gratis!, nuevos y de segunda mano. Suerte, esperamos que encuentres&hellip; Seguir leyendo \u00a1Gratis! &#8211; (regalo)\" \/>\n<meta property=\"og:url\" content=\"https:\/\/anuncialoquequieras.com\/clasificados-ofertas-segunda-mano\/gratis-regalo\/\" \/>\n<meta property=\"og:site_name\" content=\"anuncialoquequieras\" \/>\n<meta property=\"article:publisher\" content=\"https:\/\/es-la.facebook.com\/anuncialoquequieras.es\/\" \/>\n<meta property=\"article:modified_time\" content=\"2021-11-14T06:12:31+00:00\" \/>\n<meta property=\"og:image\" content=\"https:\/\/anuncialoquequieras.com\/wp-content\/uploads\/2021\/11\/ribbon-regalo.jpg\" \/>\n<meta name=\"twitter:card\" content=\"summary_large_image\" \/>\n<meta name=\"twitter:site\" content=\"@enClasificados\" \/>\n<script type=\"application\/ld+json\" class=\"yoast-schema-graph\">{\"@context\":\"https:\\\/\\\/schema.org\",\"@graph\":[{\"@type\":\"WebPage\",\"@id\":\"https:\\\/\\\/anuncialoquequieras.com\\\/clasificados-ofertas-segunda-mano\\\/gratis-regalo\\\/\",\"url\":\"https:\\\/\\\/anuncialoquequieras.com\\\/clasificados-ofertas-segunda-mano\\\/gratis-regalo\\\/\",\"name\":\"\u00a1Gratis! - (regalo) - anuncialoquequieras\",\"isPartOf\":{\"@id\":\"https:\\\/\\\/anuncialoquequieras.com\\\/clasificados-ofertas-segunda-mano\\\/#website\"},\"primaryImageOfPage\":{\"@id\":\"https:\\\/\\\/anuncialoquequieras.com\\\/clasificados-ofertas-segunda-mano\\\/gratis-regalo\\\/#primaryimage\"},\"image\":{\"@id\":\"https:\\\/\\\/anuncialoquequieras.com\\\/clasificados-ofertas-segunda-mano\\\/gratis-regalo\\\/#primaryimage\"},\"thumbnailUrl\":\"https:\\\/\\\/anuncialoquequieras.com\\\/wp-content\\\/uploads\\\/2021\\\/11\\\/ribbon-regalo.jpg\",\"datePublished\":\"2021-11-14T02:08:22+00:00\",\"dateModified\":\"2021-11-14T06:12:31+00:00\",\"breadcrumb\":{\"@id\":\"https:\\\/\\\/anuncialoquequieras.com\\\/clasificados-ofertas-segunda-mano\\\/gratis-regalo\\\/#breadcrumb\"},\"inLanguage\":\"es\",\"potentialAction\":[{\"@type\":\"ReadAction\",\"target\":[\"https:\\\/\\\/anuncialoquequieras.com\\\/clasificados-ofertas-segunda-mano\\\/gratis-regalo\\\/\"]}]},{\"@type\":\"ImageObject\",\"inLanguage\":\"es\",\"@id\":\"https:\\\/\\\/anuncialoquequieras.com\\\/clasificados-ofertas-segunda-mano\\\/gratis-regalo\\\/#primaryimage\",\"url\":\"https:\\\/\\\/anuncialoquequieras.com\\\/wp-content\\\/uploads\\\/2021\\\/11\\\/ribbon-regalo.jpg\",\"contentUrl\":\"https:\\\/\\\/anuncialoquequieras.com\\\/wp-content\\\/uploads\\\/2021\\\/11\\\/ribbon-regalo.jpg\"},{\"@type\":\"BreadcrumbList\",\"@id\":\"https:\\\/\\\/anuncialoquequieras.com\\\/clasificados-ofertas-segunda-mano\\\/gratis-regalo\\\/#breadcrumb\",\"itemListElement\":[{\"@type\":\"ListItem\",\"position\":1,\"name\":\"Portada\",\"item\":\"https:\\\/\\\/anuncialoquequieras.com\\\/clasificados-ofertas-segunda-mano\\\/\"},{\"@type\":\"ListItem\",\"position\":2,\"name\":\"\u00a1Gratis! &#8211; (regalo)\"}]},{\"@type\":\"WebSite\",\"@id\":\"https:\\\/\\\/anuncialoquequieras.com\\\/clasificados-ofertas-segunda-mano\\\/#website\",\"url\":\"https:\\\/\\\/anuncialoquequieras.com\\\/clasificados-ofertas-segunda-mano\\\/\",\"name\":\"anuncialoquequieras\",\"description\":\"nuevos y de segunda mano\",\"publisher\":{\"@id\":\"https:\\\/\\\/anuncialoquequieras.com\\\/clasificados-ofertas-segunda-mano\\\/#organization\"},\"potentialAction\":[{\"@type\":\"SearchAction\",\"target\":{\"@type\":\"EntryPoint\",\"urlTemplate\":\"https:\\\/\\\/anuncialoquequieras.com\\\/clasificados-ofertas-segunda-mano\\\/?s={search_term_string}\"},\"query-input\":{\"@type\":\"PropertyValueSpecification\",\"valueRequired\":true,\"valueName\":\"search_term_string\"}}],\"inLanguage\":\"es\"},{\"@type\":\"Organization\",\"@id\":\"https:\\\/\\\/anuncialoquequieras.com\\\/clasificados-ofertas-segunda-mano\\\/#organization\",\"name\":\"anuncialoquequieras\",\"url\":\"https:\\\/\\\/anuncialoquequieras.com\\\/clasificados-ofertas-segunda-mano\\\/\",\"logo\":{\"@type\":\"ImageObject\",\"inLanguage\":\"es\",\"@id\":\"https:\\\/\\\/anuncialoquequieras.com\\\/clasificados-ofertas-segunda-mano\\\/#\\\/schema\\\/logo\\\/image\\\/\",\"url\":\"https:\\\/\\\/anuncialoquequieras.com\\\/wp-content\\\/uploads\\\/2021\\\/12\\\/clasificados.jpg\",\"contentUrl\":\"https:\\\/\\\/anuncialoquequieras.com\\\/wp-content\\\/uploads\\\/2021\\\/12\\\/clasificados.jpg\",\"width\":398,\"height\":375,\"caption\":\"anuncialoquequieras\"},\"image\":{\"@id\":\"https:\\\/\\\/anuncialoquequieras.com\\\/clasificados-ofertas-segunda-mano\\\/#\\\/schema\\\/logo\\\/image\\\/\"},\"sameAs\":[\"https:\\\/\\\/es-la.facebook.com\\\/anuncialoquequieras.es\\\/\",\"https:\\\/\\\/x.com\\\/enClasificados\",\"https:\\\/\\\/www.instagram.com\\\/anuncialoquequieras\\\/\",\"https:\\\/\\\/www.youtube.com\\\/watch?v=KxiauMKONpM\"]}]}<\/script>\n<!-- \/ Yoast SEO plugin. -->","yoast_head_json":{"title":"\u00a1Gratis! - (regalo) - anuncialoquequieras","robots":{"index":"index","follow":"follow","max-snippet":"max-snippet:-1","max-image-preview":"max-image-preview:large","max-video-preview":"max-video-preview:-1"},"canonical":"https:\/\/anuncialoquequieras.com\/clasificados-ofertas-segunda-mano\/gratis-regalo\/","og_locale":"es_ES","og_type":"article","og_title":"\u00a1Gratis! - (regalo) - anuncialoquequieras","og_description":"ver&#8230; \u00faltimos productos anunciados productos gratuitos anuncialoquequieras, \u00bfno lo utilizas?, \u00a1v\u00e9ndelo! o algo mucho mejor, \u00a1an\u00edmate!, y d\u00f3nalo, seguro que alguien lo est\u00e1 esperando con gran ilusi\u00f3n. si lo quieres, te lo regalo. Desde estas p\u00e1ginas podr\u00e1s dar y recibir toda clase de productos, totalmente \u00a1gratis!, nuevos y de segunda mano. Suerte, esperamos que encuentres&hellip; Seguir leyendo \u00a1Gratis! &#8211; (regalo)","og_url":"https:\/\/anuncialoquequieras.com\/clasificados-ofertas-segunda-mano\/gratis-regalo\/","og_site_name":"anuncialoquequieras","article_publisher":"https:\/\/es-la.facebook.com\/anuncialoquequieras.es\/","article_modified_time":"2021-11-14T06:12:31+00:00","og_image":[{"url":"https:\/\/anuncialoquequieras.com\/wp-content\/uploads\/2021\/11\/ribbon-regalo.jpg","type":"","width":"","height":""}],"twitter_card":"summary_large_image","twitter_site":"@enClasificados","schema":{"@context":"https:\/\/schema.org","@graph":[{"@type":"WebPage","@id":"https:\/\/anuncialoquequieras.com\/clasificados-ofertas-segunda-mano\/gratis-regalo\/","url":"https:\/\/anuncialoquequieras.com\/clasificados-ofertas-segunda-mano\/gratis-regalo\/","name":"\u00a1Gratis! - (regalo) - anuncialoquequieras","isPartOf":{"@id":"https:\/\/anuncialoquequieras.com\/clasificados-ofertas-segunda-mano\/#website"},"primaryImageOfPage":{"@id":"https:\/\/anuncialoquequieras.com\/clasificados-ofertas-segunda-mano\/gratis-regalo\/#primaryimage"},"image":{"@id":"https:\/\/anuncialoquequieras.com\/clasificados-ofertas-segunda-mano\/gratis-regalo\/#primaryimage"},"thumbnailUrl":"https:\/\/anuncialoquequieras.com\/wp-content\/uploads\/2021\/11\/ribbon-regalo.jpg","datePublished":"2021-11-14T02:08:22+00:00","dateModified":"2021-11-14T06:12:31+00:00","breadcrumb":{"@id":"https:\/\/anuncialoquequieras.com\/clasificados-ofertas-segunda-mano\/gratis-regalo\/#breadcrumb"},"inLanguage":"es","potentialAction":[{"@type":"ReadAction","target":["https:\/\/anuncialoquequieras.com\/clasificados-ofertas-segunda-mano\/gratis-regalo\/"]}]},{"@type":"ImageObject","inLanguage":"es","@id":"https:\/\/anuncialoquequieras.com\/clasificados-ofertas-segunda-mano\/gratis-regalo\/#primaryimage","url":"https:\/\/anuncialoquequieras.com\/wp-content\/uploads\/2021\/11\/ribbon-regalo.jpg","contentUrl":"https:\/\/anuncialoquequieras.com\/wp-content\/uploads\/2021\/11\/ribbon-regalo.jpg"},{"@type":"BreadcrumbList","@id":"https:\/\/anuncialoquequieras.com\/clasificados-ofertas-segunda-mano\/gratis-regalo\/#breadcrumb","itemListElement":[{"@type":"ListItem","position":1,"name":"Portada","item":"https:\/\/anuncialoquequieras.com\/clasificados-ofertas-segunda-mano\/"},{"@type":"ListItem","position":2,"name":"\u00a1Gratis! &#8211; (regalo)"}]},{"@type":"WebSite","@id":"https:\/\/anuncialoquequieras.com\/clasificados-ofertas-segunda-mano\/#website","url":"https:\/\/anuncialoquequieras.com\/clasificados-ofertas-segunda-mano\/","name":"anuncialoquequieras","description":"nuevos y de segunda mano","publisher":{"@id":"https:\/\/anuncialoquequieras.com\/clasificados-ofertas-segunda-mano\/#organization"},"potentialAction":[{"@type":"SearchAction","target":{"@type":"EntryPoint","urlTemplate":"https:\/\/anuncialoquequieras.com\/clasificados-ofertas-segunda-mano\/?s={search_term_string}"},"query-input":{"@type":"PropertyValueSpecification","valueRequired":true,"valueName":"search_term_string"}}],"inLanguage":"es"},{"@type":"Organization","@id":"https:\/\/anuncialoquequieras.com\/clasificados-ofertas-segunda-mano\/#organization","name":"anuncialoquequieras","url":"https:\/\/anuncialoquequieras.com\/clasificados-ofertas-segunda-mano\/","logo":{"@type":"ImageObject","inLanguage":"es","@id":"https:\/\/anuncialoquequieras.com\/clasificados-ofertas-segunda-mano\/#\/schema\/logo\/image\/","url":"https:\/\/anuncialoquequieras.com\/wp-content\/uploads\/2021\/12\/clasificados.jpg","contentUrl":"https:\/\/anuncialoquequieras.com\/wp-content\/uploads\/2021\/12\/clasificados.jpg","width":398,"height":375,"caption":"anuncialoquequieras"},"image":{"@id":"https:\/\/anuncialoquequieras.com\/clasificados-ofertas-segunda-mano\/#\/schema\/logo\/image\/"},"sameAs":["https:\/\/es-la.facebook.com\/anuncialoquequieras.es\/","https:\/\/x.com\/enClasificados","https:\/\/www.instagram.com\/anuncialoquequieras\/","https:\/\/www.youtube.com\/watch?v=KxiauMKONpM"]}]}},"_links":{"self":[{"href":"https:\/\/anuncialoquequieras.com\/clasificados-ofertas-segunda-mano\/wp-json\/wp\/v2\/pages\/1628","targetHints":{"allow":["GET"]}}],"collection":[{"href":"https:\/\/anuncialoquequieras.com\/clasificados-ofertas-segunda-mano\/wp-json\/wp\/v2\/pages"}],"about":[{"href":"https:\/\/anuncialoquequieras.com\/clasificados-ofertas-segunda-mano\/wp-json\/wp\/v2\/types\/page"}],"author":[{"embeddable":true,"href":"https:\/\/anuncialoquequieras.com\/clasificados-ofertas-segunda-mano\/wp-json\/wp\/v2\/users\/1"}],"replies":[{"embeddable":true,"href":"https:\/\/anuncialoquequieras.com\/clasificados-ofertas-segunda-mano\/wp-json\/wp\/v2\/comments?post=1628"}],"version-history":[{"count":10,"href":"https:\/\/anuncialoquequieras.com\/clasificados-ofertas-segunda-mano\/wp-json\/wp\/v2\/pages\/1628\/revisions"}],"predecessor-version":[{"id":1655,"href":"https:\/\/anuncialoquequieras.com\/clasificados-ofertas-segunda-mano\/wp-json\/wp\/v2\/pages\/1628\/revisions\/1655"}],"wp:attachment":[{"href":"https:\/\/anuncialoquequieras.com\/clasificados-ofertas-segunda-mano\/wp-json\/wp\/v2\/media?parent=1628"}],"curies":[{"name":"wp","href":"https:\/\/api.w.org\/{rel}","templated":true}]}}