{"id":7,"date":"2021-10-05T08:01:32","date_gmt":"2021-10-05T08:01:32","guid":{"rendered":"https:\/\/anuncialoquequieras.com\/?page_id=7"},"modified":"2021-12-02T16:51:49","modified_gmt":"2021-12-02T16:51:49","slug":"anunciar-gratis","status":"publish","type":"page","link":"https:\/\/anuncialoquequieras.com\/clasificados-ofertas-segunda-mano\/anunciar-gratis\/","title":{"rendered":"anunciar gratis"},"content":{"rendered":"\n<p class=\"has-text-align-center\"><strong>sus clasificados<\/strong><\/p>\n\n\n\n<div align=\"center\">\n<br>\n<select name=\"country\" size=\"1\" class=\"texto\" style=\"background-color: #FDF5E6; border-left-style: solid; border-right-style: solid; border-top-style: outset; border-top-color: #ED1C24; border-bottom-style: outset; border-bottom-color: #ED1C24\" onchange=\"location = this.options[this.selectedIndex].value;\">\n\n<option selected=\"selected\" disabled=\"disabled\">select country &#8211; elija pa\u00eds<\/option>\n<option value=\"\" disabled=\"disabled\">&#8230;<\/option> \n\n<option value=\"https:\/\/anuncialoquequieras.com\/clasificados-ofertas-segunda-mano\/place-free-classified-ad-in-belgium\">Belgium<\/option>\n<option value=\"https:\/\/anuncialoquequieras.com\/clasificados-ofertas-segunda-mano\/place-free-classified-ads-in-china\">China<\/option>\n<option value=\"https:\/\/anuncialoquequieras.com\/clasificados-ofertas-segunda-mano\/kostenlose-Kleinanzeige-in-deutschland-aufgeben\">Deutschland<\/option>\n<option value=\"https:\/\/anuncialoquequieras.com\/clasificados-ofertas-segunda-mano\/votre-petite-annonce-totalement-gratuite-en-france\">France<\/option>\n<option value=\"https:\/\/anuncialoquequieras.com\/clasificados-ofertas-segunda-mano\/anunciar-gratis-guinea-ecuatorial\">Guinea Ecuatorial<\/option>\n<option value=\"https:\/\/anuncialoquequieras.com\/clasificados-ofertas-segunda-mano\/place-free-classified-ads-in-india\">India<\/option>\n<option value=\"https:\/\/anuncialoquequieras.com\/clasificados-ofertas-segunda-mano\/place-free-classified-ads-in-pakistan\">Pakistan<\/option>\n<option value=\"https:\/\/anuncialoquequieras.com\/clasificados-ofertas-segunda-mano\/place-free-classified-ads-in-united-kingdom\">United Kingdom<\/option>\n<option value=\"https:\/\/anuncialoquequieras.com\/clasificados-ofertas-segunda-mano\/place-free-classified-ads-in-united-states\">United States<\/option>\n<option value=\"\" disabled=\"disabled\">&#8230;<\/option> \n<option value=\"https:\/\/anuncialoquequieras.com\/clasificados-ofertas-segunda-mano\/anunciar-gratis-argentina\">Anunciar en Argentina<\/option>\n<option value=\"https:\/\/anuncialoquequieras.com\/clasificados-ofertas-segunda-mano\/anunciar-gratis-chile\">Anunciar en Chile<\/option>\n<option value=\"https:\/\/anuncialoquequieras.com\/clasificados-ofertas-segunda-mano\/anunciar-gratis-colombia\">Anunciar en Colombia<\/option>\n<option value=\"https:\/\/anuncialoquequieras.com\/clasificados-ofertas-segunda-mano\/anunciar-gratis-costa-rica\">Anunciar en Costa Rica<\/option>\n<option value=\"https:\/\/anuncialoquequieras.com\/clasificados-ofertas-segunda-mano\/anunciar-gratis-cuba\">Anunciar en Cuba<\/option>\n<option value=\"https:\/\/anuncialoquequieras.com\/clasificados-ofertas-segunda-mano\/anunciar-gratis-ecuador\">Anunciar en Ecuador<\/option>\n<option value=\"https:\/\/anuncialoquequieras.com\/clasificados-ofertas-segunda-mano\/anunciar-clasificados-spain\">Anunciar en Espa\u00f1a<\/option>\n<option value=\"https:\/\/anuncialoquequieras.com\/clasificados-ofertas-segunda-mano\/anunciar-gratis-guatemala\">Anunciar en Guatemala<\/option>\n<option value=\"https:\/\/anuncialoquequieras.com\/clasificados-ofertas-segunda-mano\/anunciar-gratis-honduras\">Anunciar en Honduras<\/option>\n<option value=\"https:\/\/anuncialoquequieras.com\/clasificados-ofertas-segunda-mano\/anunciar-gratis-mexico\">Anunciar en M\u00e9xico<\/option>\n<option value=\"https:\/\/anuncialoquequieras.com\/clasificados-ofertas-segunda-mano\/anunciar-gratis-nicaragua\">Anunciar en Nicaragua<\/option>\n<option value=\"https:\/\/anuncialoquequieras.com\/clasificados-ofertas-segunda-mano\/anunciar-gratis-panama\">Anunciar en Panam\u00e1<\/option>\n<option value=\"https:\/\/anuncialoquequieras.com\/clasificados-ofertas-segunda-mano\/anunciar-gratis-paraguay\">Anunciar en Paraguay<\/option>\n<option value=\"https:\/\/anuncialoquequieras.com\/clasificados-ofertas-segunda-mano\/anunciar-gratis-peru\">Anunciar en Per\u00fa<\/option>\n<option value=\"https:\/\/anuncialoquequieras.com\/clasificados-ofertas-segunda-mano\/anunciar-gratis-puerto-rico\">Anunciar en Puerto Rico<\/option>\n<option value=\"https:\/\/anuncialoquequieras.com\/clasificados-ofertas-segunda-mano\/anunciar-gratis-republica-dominicana\">Anunciar en Rep. Dominicana<\/option>\n<option value=\"https:\/\/anuncialoquequieras.com\/clasificados-ofertas-segunda-mano\/anunciar-gratis-uruguay\">Anunciar en Uruguay<\/option>\n<option value=\"https:\/\/anuncialoquequieras.com\/clasificados-ofertas-segunda-mano\/anunciar-gratis-venezuela\">Anunciar en Venezuela<\/option>\n<option value=\"\" disabled=\"disabled\">&#8230;<\/option> \n\n<option value=\"https:\/\/anuncialoquequieras.com\/clasificados-ofertas-segunda-mano\/anunciar-gratis-otros-paises\">Otros pa\u00edses<\/option>\n<option value=\"https:\/\/anuncialoquequieras.com\/clasificados-ofertas-segunda-mano\/place-free-international-classified-ad\">Other Country<\/option>\n<\/select>\n<\/div>\n\n\n\n<div style=\"height:8px\" aria-hidden=\"true\" class=\"wp-block-spacer\"><\/div>\n\n\n\n<hr class=\"wp-block-separator\"\/>\n\n\n\n<h2 class=\"has-text-align-left wp-block-heading\">\u00bfpromover su negocio?<\/h2>\n\n\n\n<p>Para encontrar clientes en otros pa\u00edses, puede invertir en una campa\u00f1a de SEO o utilizar publicidad de pago por clic para promocionar sus productos.<\/p>\n\n\n\n<p class=\"caja-destacada\">la optimizaci\u00f3n en los motores de b\u00fasqueda, la importancia del SEO.<\/p>\n\n\n\n<p>Por ejemplo, <strong>Google Ads<\/strong>, te permite <strong>aparecer en m\u00e1s b\u00fasquedas<\/strong> y conseguir que gran parte de los usuarios encuentren tu empresa (ofrece publicidad patrocinada a sus potenciales anunciantes).<\/p>\n\n\n\n<p>Para ello, escribiremos \u00ab<strong>Google Adwords<\/strong>\u00bb en nuestro navegador y crearemos una cuenta sin cargo, f\u00e1cilmente.<\/p>\n\n\n\n<hr class=\"wp-block-separator\"\/>\n\n\n\n<p>A trav\u00e9s de anuncios clasificados, ofrecemos <em>publicidad indirecta en b\u00fasquedas org\u00e1nicas<\/em>.<\/p>\n\n\n\n<div class=\"wp-block-image\"><figure class=\"aligncenter size-full\"><img loading=\"lazy\" decoding=\"async\" width=\"319\" height=\"298\" src=\"https:\/\/anuncialoquequieras.com\/wp-content\/uploads\/2021\/11\/poner-anuncios-clasificados.jpg\" alt=\"poner anuncio clasificado\" class=\"wp-image-1496\" srcset=\"https:\/\/anuncialoquequieras.com\/wp-content\/uploads\/2021\/11\/poner-anuncios-clasificados.jpg 319w, https:\/\/anuncialoquequieras.com\/wp-content\/uploads\/2021\/11\/poner-anuncios-clasificados-300x280.jpg 300w\" sizes=\"auto, (max-width: 319px) 100vw, 319px\" \/><\/figure><\/div>\n\n\n\n<p class=\"caja-destacada\">Para empezar, debe seleccionar la categor\u00eda, el tipo de anuncio y elegir la ciudad de publicaci\u00f3n.<\/p>\n\n\n\n<p>Seleccione el encabezado de su <strong>anuncio clasificado<\/strong>, redacte el anuncio y adjunte im\u00e1genes.<\/p>\n\n\n\n<p class=\"has-text-align-center\"><strong>&lt;&lt;<\/strong> <strong><span style=\"color:#008000\" class=\"has-inline-color\">buena suerte con su clasificado<\/span><\/strong> <strong>&gt;&gt;<\/strong><\/p>\n","protected":false},"excerpt":{"rendered":"<p>sus clasificados select country &#8211; elija pa\u00eds&#8230;BelgiumChinaDeutschlandFranceGuinea EcuatorialIndiaPakistanUnited KingdomUnited States&#8230;Anunciar en ArgentinaAnunciar en ChileAnunciar en ColombiaAnunciar en Costa RicaAnunciar en CubaAnunciar en EcuadorAnunciar en Espa\u00f1aAnunciar en GuatemalaAnunciar en HondurasAnunciar en M\u00e9xicoAnunciar en NicaraguaAnunciar en Panam\u00e1Anunciar en ParaguayAnunciar en Per\u00faAnunciar en Puerto RicoAnunciar en Rep. DominicanaAnunciar en UruguayAnunciar en Venezuela&#8230;Otros pa\u00edsesOther Country \u00bfpromover su negocio? Para&hellip; <a class=\"more-link\" href=\"https:\/\/anuncialoquequieras.com\/clasificados-ofertas-segunda-mano\/anunciar-gratis\/\">Seguir leyendo <span class=\"screen-reader-text\">anunciar gratis<\/span><\/a><\/p>\n","protected":false},"author":1,"featured_media":0,"parent":0,"menu_order":0,"comment_status":"closed","ping_status":"closed","template":"","meta":{"footnotes":""},"class_list":["post-7","page","type-page","status-publish","hentry","entry"],"yoast_head":"<!-- This site is optimized with the Yoast SEO plugin v27.3 - https:\/\/yoast.com\/product\/yoast-seo-wordpress\/ -->\n<title>anunciar gratis - anuncialoquequieras<\/title>\n<meta name=\"robots\" content=\"index, follow, max-snippet:-1, max-image-preview:large, max-video-preview:-1\" \/>\n<link rel=\"canonical\" href=\"https:\/\/anuncialoquequieras.com\/clasificados-ofertas-segunda-mano\/anunciar-gratis\/\" \/>\n<meta property=\"og:locale\" content=\"es_ES\" \/>\n<meta property=\"og:type\" content=\"article\" \/>\n<meta property=\"og:title\" content=\"anunciar gratis - anuncialoquequieras\" \/>\n<meta property=\"og:description\" content=\"sus clasificados select country &#8211; elija pa\u00eds&#8230;BelgiumChinaDeutschlandFranceGuinea EcuatorialIndiaPakistanUnited KingdomUnited States&#8230;Anunciar en ArgentinaAnunciar en ChileAnunciar en ColombiaAnunciar en Costa RicaAnunciar en CubaAnunciar en EcuadorAnunciar en Espa\u00f1aAnunciar en GuatemalaAnunciar en HondurasAnunciar en M\u00e9xicoAnunciar en NicaraguaAnunciar en Panam\u00e1Anunciar en ParaguayAnunciar en Per\u00faAnunciar en Puerto RicoAnunciar en Rep. DominicanaAnunciar en UruguayAnunciar en Venezuela&#8230;Otros pa\u00edsesOther Country \u00bfpromover su negocio? Para&hellip; Seguir leyendo anunciar gratis\" \/>\n<meta property=\"og:url\" content=\"https:\/\/anuncialoquequieras.com\/clasificados-ofertas-segunda-mano\/anunciar-gratis\/\" \/>\n<meta property=\"og:site_name\" content=\"anuncialoquequieras\" \/>\n<meta property=\"article:publisher\" content=\"https:\/\/es-la.facebook.com\/anuncialoquequieras.es\/\" \/>\n<meta property=\"article:modified_time\" content=\"2021-12-02T16:51:49+00:00\" \/>\n<meta property=\"og:image\" content=\"https:\/\/anuncialoquequieras.com\/wp-content\/uploads\/2021\/11\/poner-anuncios-clasificados.jpg\" \/>\n<meta name=\"twitter:card\" content=\"summary_large_image\" \/>\n<meta name=\"twitter:site\" content=\"@enClasificados\" \/>\n<meta name=\"twitter:label1\" content=\"Tiempo de lectura\" \/>\n\t<meta name=\"twitter:data1\" content=\"1 minuto\" \/>\n<script type=\"application\/ld+json\" class=\"yoast-schema-graph\">{\"@context\":\"https:\\\/\\\/schema.org\",\"@graph\":[{\"@type\":\"WebPage\",\"@id\":\"https:\\\/\\\/anuncialoquequieras.com\\\/clasificados-ofertas-segunda-mano\\\/anunciar-gratis\\\/\",\"url\":\"https:\\\/\\\/anuncialoquequieras.com\\\/clasificados-ofertas-segunda-mano\\\/anunciar-gratis\\\/\",\"name\":\"anunciar gratis - anuncialoquequieras\",\"isPartOf\":{\"@id\":\"https:\\\/\\\/anuncialoquequieras.com\\\/clasificados-ofertas-segunda-mano\\\/#website\"},\"primaryImageOfPage\":{\"@id\":\"https:\\\/\\\/anuncialoquequieras.com\\\/clasificados-ofertas-segunda-mano\\\/anunciar-gratis\\\/#primaryimage\"},\"image\":{\"@id\":\"https:\\\/\\\/anuncialoquequieras.com\\\/clasificados-ofertas-segunda-mano\\\/anunciar-gratis\\\/#primaryimage\"},\"thumbnailUrl\":\"https:\\\/\\\/anuncialoquequieras.com\\\/wp-content\\\/uploads\\\/2021\\\/11\\\/poner-anuncios-clasificados.jpg\",\"datePublished\":\"2021-10-05T08:01:32+00:00\",\"dateModified\":\"2021-12-02T16:51:49+00:00\",\"breadcrumb\":{\"@id\":\"https:\\\/\\\/anuncialoquequieras.com\\\/clasificados-ofertas-segunda-mano\\\/anunciar-gratis\\\/#breadcrumb\"},\"inLanguage\":\"es\",\"potentialAction\":[{\"@type\":\"ReadAction\",\"target\":[\"https:\\\/\\\/anuncialoquequieras.com\\\/clasificados-ofertas-segunda-mano\\\/anunciar-gratis\\\/\"]}]},{\"@type\":\"ImageObject\",\"inLanguage\":\"es\",\"@id\":\"https:\\\/\\\/anuncialoquequieras.com\\\/clasificados-ofertas-segunda-mano\\\/anunciar-gratis\\\/#primaryimage\",\"url\":\"https:\\\/\\\/anuncialoquequieras.com\\\/wp-content\\\/uploads\\\/2021\\\/11\\\/poner-anuncios-clasificados.jpg\",\"contentUrl\":\"https:\\\/\\\/anuncialoquequieras.com\\\/wp-content\\\/uploads\\\/2021\\\/11\\\/poner-anuncios-clasificados.jpg\"},{\"@type\":\"BreadcrumbList\",\"@id\":\"https:\\\/\\\/anuncialoquequieras.com\\\/clasificados-ofertas-segunda-mano\\\/anunciar-gratis\\\/#breadcrumb\",\"itemListElement\":[{\"@type\":\"ListItem\",\"position\":1,\"name\":\"Portada\",\"item\":\"https:\\\/\\\/anuncialoquequieras.com\\\/clasificados-ofertas-segunda-mano\\\/\"},{\"@type\":\"ListItem\",\"position\":2,\"name\":\"anunciar gratis\"}]},{\"@type\":\"WebSite\",\"@id\":\"https:\\\/\\\/anuncialoquequieras.com\\\/clasificados-ofertas-segunda-mano\\\/#website\",\"url\":\"https:\\\/\\\/anuncialoquequieras.com\\\/clasificados-ofertas-segunda-mano\\\/\",\"name\":\"anuncialoquequieras\",\"description\":\"nuevos y de segunda mano\",\"publisher\":{\"@id\":\"https:\\\/\\\/anuncialoquequieras.com\\\/clasificados-ofertas-segunda-mano\\\/#organization\"},\"potentialAction\":[{\"@type\":\"SearchAction\",\"target\":{\"@type\":\"EntryPoint\",\"urlTemplate\":\"https:\\\/\\\/anuncialoquequieras.com\\\/clasificados-ofertas-segunda-mano\\\/?s={search_term_string}\"},\"query-input\":{\"@type\":\"PropertyValueSpecification\",\"valueRequired\":true,\"valueName\":\"search_term_string\"}}],\"inLanguage\":\"es\"},{\"@type\":\"Organization\",\"@id\":\"https:\\\/\\\/anuncialoquequieras.com\\\/clasificados-ofertas-segunda-mano\\\/#organization\",\"name\":\"anuncialoquequieras\",\"url\":\"https:\\\/\\\/anuncialoquequieras.com\\\/clasificados-ofertas-segunda-mano\\\/\",\"logo\":{\"@type\":\"ImageObject\",\"inLanguage\":\"es\",\"@id\":\"https:\\\/\\\/anuncialoquequieras.com\\\/clasificados-ofertas-segunda-mano\\\/#\\\/schema\\\/logo\\\/image\\\/\",\"url\":\"https:\\\/\\\/anuncialoquequieras.com\\\/wp-content\\\/uploads\\\/2021\\\/12\\\/clasificados.jpg\",\"contentUrl\":\"https:\\\/\\\/anuncialoquequieras.com\\\/wp-content\\\/uploads\\\/2021\\\/12\\\/clasificados.jpg\",\"width\":398,\"height\":375,\"caption\":\"anuncialoquequieras\"},\"image\":{\"@id\":\"https:\\\/\\\/anuncialoquequieras.com\\\/clasificados-ofertas-segunda-mano\\\/#\\\/schema\\\/logo\\\/image\\\/\"},\"sameAs\":[\"https:\\\/\\\/es-la.facebook.com\\\/anuncialoquequieras.es\\\/\",\"https:\\\/\\\/x.com\\\/enClasificados\",\"https:\\\/\\\/www.instagram.com\\\/anuncialoquequieras\\\/\",\"https:\\\/\\\/www.youtube.com\\\/watch?v=KxiauMKONpM\"]}]}<\/script>\n<!-- \/ Yoast SEO plugin. -->","yoast_head_json":{"title":"anunciar gratis - anuncialoquequieras","robots":{"index":"index","follow":"follow","max-snippet":"max-snippet:-1","max-image-preview":"max-image-preview:large","max-video-preview":"max-video-preview:-1"},"canonical":"https:\/\/anuncialoquequieras.com\/clasificados-ofertas-segunda-mano\/anunciar-gratis\/","og_locale":"es_ES","og_type":"article","og_title":"anunciar gratis - anuncialoquequieras","og_description":"sus clasificados select country &#8211; elija pa\u00eds&#8230;BelgiumChinaDeutschlandFranceGuinea EcuatorialIndiaPakistanUnited KingdomUnited States&#8230;Anunciar en ArgentinaAnunciar en ChileAnunciar en ColombiaAnunciar en Costa RicaAnunciar en CubaAnunciar en EcuadorAnunciar en Espa\u00f1aAnunciar en GuatemalaAnunciar en HondurasAnunciar en M\u00e9xicoAnunciar en NicaraguaAnunciar en Panam\u00e1Anunciar en ParaguayAnunciar en Per\u00faAnunciar en Puerto RicoAnunciar en Rep. DominicanaAnunciar en UruguayAnunciar en Venezuela&#8230;Otros pa\u00edsesOther Country \u00bfpromover su negocio? Para&hellip; Seguir leyendo anunciar gratis","og_url":"https:\/\/anuncialoquequieras.com\/clasificados-ofertas-segunda-mano\/anunciar-gratis\/","og_site_name":"anuncialoquequieras","article_publisher":"https:\/\/es-la.facebook.com\/anuncialoquequieras.es\/","article_modified_time":"2021-12-02T16:51:49+00:00","og_image":[{"url":"https:\/\/anuncialoquequieras.com\/wp-content\/uploads\/2021\/11\/poner-anuncios-clasificados.jpg","type":"","width":"","height":""}],"twitter_card":"summary_large_image","twitter_site":"@enClasificados","twitter_misc":{"Tiempo de lectura":"1 minuto"},"schema":{"@context":"https:\/\/schema.org","@graph":[{"@type":"WebPage","@id":"https:\/\/anuncialoquequieras.com\/clasificados-ofertas-segunda-mano\/anunciar-gratis\/","url":"https:\/\/anuncialoquequieras.com\/clasificados-ofertas-segunda-mano\/anunciar-gratis\/","name":"anunciar gratis - anuncialoquequieras","isPartOf":{"@id":"https:\/\/anuncialoquequieras.com\/clasificados-ofertas-segunda-mano\/#website"},"primaryImageOfPage":{"@id":"https:\/\/anuncialoquequieras.com\/clasificados-ofertas-segunda-mano\/anunciar-gratis\/#primaryimage"},"image":{"@id":"https:\/\/anuncialoquequieras.com\/clasificados-ofertas-segunda-mano\/anunciar-gratis\/#primaryimage"},"thumbnailUrl":"https:\/\/anuncialoquequieras.com\/wp-content\/uploads\/2021\/11\/poner-anuncios-clasificados.jpg","datePublished":"2021-10-05T08:01:32+00:00","dateModified":"2021-12-02T16:51:49+00:00","breadcrumb":{"@id":"https:\/\/anuncialoquequieras.com\/clasificados-ofertas-segunda-mano\/anunciar-gratis\/#breadcrumb"},"inLanguage":"es","potentialAction":[{"@type":"ReadAction","target":["https:\/\/anuncialoquequieras.com\/clasificados-ofertas-segunda-mano\/anunciar-gratis\/"]}]},{"@type":"ImageObject","inLanguage":"es","@id":"https:\/\/anuncialoquequieras.com\/clasificados-ofertas-segunda-mano\/anunciar-gratis\/#primaryimage","url":"https:\/\/anuncialoquequieras.com\/wp-content\/uploads\/2021\/11\/poner-anuncios-clasificados.jpg","contentUrl":"https:\/\/anuncialoquequieras.com\/wp-content\/uploads\/2021\/11\/poner-anuncios-clasificados.jpg"},{"@type":"BreadcrumbList","@id":"https:\/\/anuncialoquequieras.com\/clasificados-ofertas-segunda-mano\/anunciar-gratis\/#breadcrumb","itemListElement":[{"@type":"ListItem","position":1,"name":"Portada","item":"https:\/\/anuncialoquequieras.com\/clasificados-ofertas-segunda-mano\/"},{"@type":"ListItem","position":2,"name":"anunciar gratis"}]},{"@type":"WebSite","@id":"https:\/\/anuncialoquequieras.com\/clasificados-ofertas-segunda-mano\/#website","url":"https:\/\/anuncialoquequieras.com\/clasificados-ofertas-segunda-mano\/","name":"anuncialoquequieras","description":"nuevos y de segunda mano","publisher":{"@id":"https:\/\/anuncialoquequieras.com\/clasificados-ofertas-segunda-mano\/#organization"},"potentialAction":[{"@type":"SearchAction","target":{"@type":"EntryPoint","urlTemplate":"https:\/\/anuncialoquequieras.com\/clasificados-ofertas-segunda-mano\/?s={search_term_string}"},"query-input":{"@type":"PropertyValueSpecification","valueRequired":true,"valueName":"search_term_string"}}],"inLanguage":"es"},{"@type":"Organization","@id":"https:\/\/anuncialoquequieras.com\/clasificados-ofertas-segunda-mano\/#organization","name":"anuncialoquequieras","url":"https:\/\/anuncialoquequieras.com\/clasificados-ofertas-segunda-mano\/","logo":{"@type":"ImageObject","inLanguage":"es","@id":"https:\/\/anuncialoquequieras.com\/clasificados-ofertas-segunda-mano\/#\/schema\/logo\/image\/","url":"https:\/\/anuncialoquequieras.com\/wp-content\/uploads\/2021\/12\/clasificados.jpg","contentUrl":"https:\/\/anuncialoquequieras.com\/wp-content\/uploads\/2021\/12\/clasificados.jpg","width":398,"height":375,"caption":"anuncialoquequieras"},"image":{"@id":"https:\/\/anuncialoquequieras.com\/clasificados-ofertas-segunda-mano\/#\/schema\/logo\/image\/"},"sameAs":["https:\/\/es-la.facebook.com\/anuncialoquequieras.es\/","https:\/\/x.com\/enClasificados","https:\/\/www.instagram.com\/anuncialoquequieras\/","https:\/\/www.youtube.com\/watch?v=KxiauMKONpM"]}]}},"_links":{"self":[{"href":"https:\/\/anuncialoquequieras.com\/clasificados-ofertas-segunda-mano\/wp-json\/wp\/v2\/pages\/7","targetHints":{"allow":["GET"]}}],"collection":[{"href":"https:\/\/anuncialoquequieras.com\/clasificados-ofertas-segunda-mano\/wp-json\/wp\/v2\/pages"}],"about":[{"href":"https:\/\/anuncialoquequieras.com\/clasificados-ofertas-segunda-mano\/wp-json\/wp\/v2\/types\/page"}],"author":[{"embeddable":true,"href":"https:\/\/anuncialoquequieras.com\/clasificados-ofertas-segunda-mano\/wp-json\/wp\/v2\/users\/1"}],"replies":[{"embeddable":true,"href":"https:\/\/anuncialoquequieras.com\/clasificados-ofertas-segunda-mano\/wp-json\/wp\/v2\/comments?post=7"}],"version-history":[{"count":58,"href":"https:\/\/anuncialoquequieras.com\/clasificados-ofertas-segunda-mano\/wp-json\/wp\/v2\/pages\/7\/revisions"}],"predecessor-version":[{"id":1904,"href":"https:\/\/anuncialoquequieras.com\/clasificados-ofertas-segunda-mano\/wp-json\/wp\/v2\/pages\/7\/revisions\/1904"}],"wp:attachment":[{"href":"https:\/\/anuncialoquequieras.com\/clasificados-ofertas-segunda-mano\/wp-json\/wp\/v2\/media?parent=7"}],"curies":[{"name":"wp","href":"https:\/\/api.w.org\/{rel}","templated":true}]}}