{"id":78,"date":"2021-10-05T11:00:14","date_gmt":"2021-10-05T11:00:14","guid":{"rendered":"https:\/\/anuncialoquequieras.com\/clasificados-destacados\/?page_id=78"},"modified":"2021-12-13T21:08:53","modified_gmt":"2021-12-13T21:08:53","slug":"mascotas-cachorros-para-adoptar","status":"publish","type":"page","link":"https:\/\/anuncialoquequieras.com\/clasificados-ofertas-segunda-mano\/mascotas-cachorros-para-adoptar\/","title":{"rendered":"Mascotas"},"content":{"rendered":"\n<div align=\"center\">\n<br>\n<select name=\"country\" size=\"1\" class=\"texto\" style=\"background-color: #FDF5E6; border-left-style: solid; border-right-style: solid; border-top-style: outset; border-top-color: #ED1C24; border-bottom-style: outset; border-bottom-color: #ED1C24\" onchange=\"location = this.options[this.selectedIndex].value;\">\n\n<option selected=\"selected\" disabled=\"disabled\">elija categor\u00eda<\/option>\n\n<option value=\"https:\/\/anuncialoquequieras.com\/clasificados-ofertas-segunda-mano\/category\/animales-de-granja\">Animales de granja<\/option>\n<option value=\"https:\/\/anuncialoquequieras.com\/clasificados-ofertas-segunda-mano\/category\/hamster\">H\u00e1mster<\/option>\n<option value=\"https:\/\/anuncialoquequieras.com\/clasificados-ofertas-segunda-mano\/category\/pajaros\">P\u00e1jaros<\/option>\n<option value=\"https:\/\/anuncialoquequieras.com\/clasificados-ofertas-segunda-mano\/category\/cachorros-perros\">Perros (cachorros)<\/option>\n<option value=\"https:\/\/anuncialoquequieras.com\/clasificados-ofertas-segunda-mano\/category\/tortugas-tierra\">Tortugas tierra<\/option>\n\n<\/select>\n<\/div>\n\n\n\n<hr class=\"wp-block-separator\"\/>\n\n\n\n<div class=\"wp-block-image\"><figure class=\"aligncenter size-full\"><img loading=\"lazy\" decoding=\"async\" width=\"651\" height=\"228\" src=\"https:\/\/anuncialoquequieras.com\/wp-content\/uploads\/2021\/11\/mascotas.jpg\" alt=\"\" class=\"wp-image-1673\" srcset=\"https:\/\/anuncialoquequieras.com\/wp-content\/uploads\/2021\/11\/mascotas.jpg 651w, https:\/\/anuncialoquequieras.com\/wp-content\/uploads\/2021\/11\/mascotas-300x105.jpg 300w\" sizes=\"auto, (max-width: 651px) 100vw, 651px\" \/><\/figure><\/div>\n\n\n\n<h2 class=\"has-text-align-left wp-block-heading\">estad\u00edsticas<\/h2>\n\n\n\n<p>Sabemos que <strong>los gatos&nbsp;ganan como mascotas<\/strong> en 91 pa\u00edses del mundo principalmente en China, Rusia y Canad\u00e1 (Europa y Asia), mientras que los&nbsp;<strong>perros<\/strong>&nbsp;lo hacen en otros 76 b\u00e1sicamente en Am\u00e9rica, \u00c1frica y Ocean\u00eda.<\/p>\n\n\n\n<h2 class=\"wp-block-heading\">hogares con mascotas<\/h2>\n\n\n\n<p>\u00bfQu\u00e9 porcentaje de hogares tienen mascotas?<\/p>\n\n\n\n<p>Las cifras afirman que en Espa\u00f1a, cerca del <strong>30% de los&nbsp;hogares<\/strong> tiene&nbsp;perro o gato como&nbsp;mascota.<\/p>\n\n\n\n<p>Como animal de compa\u00f1\u00eda, los gatos obtienen un porcentaje ligeramente inferior al de perros, <strong>3,8 millones de felinos<\/strong> nos hacen compa\u00f1\u00eda en nuestros hogares.<\/p>\n\n\n\n<div class=\"wp-block-image\"><figure class=\"aligncenter size-full\"><img loading=\"lazy\" decoding=\"async\" width=\"640\" height=\"426\" src=\"https:\/\/anuncialoquequieras.com\/wp-content\/uploads\/2021\/11\/clasificados_spain_puppy.jpg\" alt=\"\" class=\"wp-image-1660\" srcset=\"https:\/\/anuncialoquequieras.com\/wp-content\/uploads\/2021\/11\/clasificados_spain_puppy.jpg 640w, https:\/\/anuncialoquequieras.com\/wp-content\/uploads\/2021\/11\/clasificados_spain_puppy-300x200.jpg 300w\" sizes=\"auto, (max-width: 640px) 100vw, 640px\" \/><figcaption>cachorros<\/figcaption><\/figure><\/div>\n\n\n\n<p>A nivel mundial, las estad\u00edsticas a\u00f1aden, que el <strong>56% de la poblaci\u00f3n<\/strong>, tiene, al menos una&nbsp;mascota.<\/p>\n\n\n\n<h2 class=\"wp-block-heading\">\u00bfQu\u00e9 pa\u00eds tiene m\u00e1s mascotas?<\/h2>\n\n\n\n<p>A d\u00eda de hoy, a nivel mundial, hay&nbsp;cerca&nbsp;de 500 millones de perros (concretamente 471 millones).<\/p>\n\n\n\n<p>Argentina destaca como el&nbsp;pa\u00eds&nbsp;a nivel mundial, con m\u00e1s&nbsp;mascotas\/ habitante.<\/p>\n\n\n\n<h2 class=\"wp-block-heading\">animales f\u00e1ciles de cuidar<\/h2>\n\n\n\n<ol class=\"wp-block-list\"><li>H\u00e1mster. adorable y divertido a la vez.<\/li><li>Conejo. animal suave y cari\u00f1oso.<\/li><li>Pez. silenciosos y f\u00e1ciles de cuidar.<\/li><li>Cobaya. divertidos y amigables.<\/li><li>Cangrejo ermita\u00f1o. ex\u00f3tico carro\u00f1ero.<\/li><li>Lagarto. curioso animal escasomo.<\/li><li>P\u00e1jaros.&nbsp;alegran el hogar.<\/li><li>Roedores. Jerbos, Chinchillas&#8230;<\/li><li>Perro. tu fiel acompa\u00f1ante dom\u00e9stico.<\/li><li>Serpientes. mascota&nbsp;ex\u00f3tica.<\/li><\/ol>\n\n\n\n<div class=\"wp-block-image\"><figure class=\"aligncenter size-full\"><img loading=\"lazy\" decoding=\"async\" width=\"502\" height=\"345\" src=\"https:\/\/anuncialoquequieras.com\/wp-content\/uploads\/2021\/11\/mascotas-dragon-barbudo.jpg\" alt=\"\" class=\"wp-image-1674\" srcset=\"https:\/\/anuncialoquequieras.com\/wp-content\/uploads\/2021\/11\/mascotas-dragon-barbudo.jpg 502w, https:\/\/anuncialoquequieras.com\/wp-content\/uploads\/2021\/11\/mascotas-dragon-barbudo-300x206.jpg 300w\" sizes=\"auto, (max-width: 502px) 100vw, 502px\" \/><figcaption>drag\u00f3n barbudo<\/figcaption><\/figure><\/div>\n\n\n\n<h2 class=\"wp-block-heading\">en el hogar<\/h2>\n\n\n\n<p>Las principales mascotas que se suelen tener en casa son:<\/p>\n\n\n\n<ul class=\"wp-block-list\"><li>Perro, gato, conejo, h\u00e1mster<\/li><li>Tortuga, hur\u00f3n, cobayas, chinchillas<\/li><li>P\u00e1jaros, peces<\/li><li>Drag\u00f3n barbudo<\/li><li>Cerdo miniatura<\/li><\/ul>\n\n\n\n<p class=\"caja-destacada\">El perro es el mejor amigo del hombre, es por ello, que se le considera <strong>la mascota m\u00e1s fiel que se puede tener.<\/strong>.<\/p>\n\n\n\n<p>Como animal cari\u00f1oso, como no pod\u00eda ser de otra manera, encabeza tambi\u00e9n las estad\u00edsticas como <strong>ranking de&nbsp;mascotas m\u00e1s cari\u00f1osas<\/strong>&nbsp;para tener en casa y es que este animal, lleva miles de a\u00f1os acompa\u00f1\u00e1ndonos, es el <strong>compa\u00f1ero&nbsp;m\u00e1s&nbsp;fiel<\/strong> que una persona puede tener.<\/p>\n\n\n\n<h2 class=\"wp-block-heading\">cachorros en adopci\u00f3n<\/h2>\n\n\n\n<p>\u00bfCu\u00e1nto tiempo se aconseja que est\u00e9n los cachorros con su madre?<\/p>\n\n\n\n<p>La edad m\u00ednima en la <strong>entrega de un&nbsp;cachorro<\/strong>&nbsp;nunca deber\u00eda de ser inferior a <strong>2 meses y medio<\/strong>, a esa edad, el animal, ya comienza a encontrarse en plenitud f\u00edsica y mental.<\/p>\n\n\n\n<h2 class=\"wp-block-heading\">que dicen los expertos<\/h2>\n\n\n\n<p>Parece ser que hay consenso en la comunidad de expertos cuando hablamos de la <strong>edad \u00f3ptima del destete<\/strong>.<\/p>\n\n\n\n<p class=\"caja-destacada\">Muchos et\u00f3logos coinciden en la idea, que el cachorro deber\u00eda estar con su madre <strong>hasta las 12 semanas de edad<\/strong>.<\/p>\n\n\n\n<h2 class=\"wp-block-heading\">periodo de socializaci\u00f3n<\/h2>\n\n\n\n<p>El&nbsp;<em>periodo de socializaci\u00f3n<\/em>&nbsp;como bien se indica, es sin duda el periodo m\u00e1s importante en la vida del&nbsp;cachorro, en el se lleva a cabo las interacciones sociales, hasta que se le separa de la madre.<\/p>\n\n\n\n<p>La <strong>madurez sensorial y motora<\/strong> del cachorro se puede decir que es uno de los periodos m\u00e1s complejos de su vida, abarca a partir de las 3 semanas de su vida.<\/p>\n\n\n\n<p>En esta etapa, el cachorro, comienza a interactuar con sus hermanos de camada, a la vez que con su entorno mas cercano.<\/p>\n\n\n\n<p class=\"caja-destacada\">se aconseja que el perro pase su etapa de socializaci\u00f3n sin altercados, de esa manera, no percibir\u00e1 peligros de los perros de su futuro entorno, no se sentir\u00e1 amenazado. (<strong>gru\u00f1ir\u00e1 menos y ser\u00e1 m\u00e1s sociable<\/strong>).<\/p>\n\n\n\n<h2 class=\"wp-block-heading\">vacunas<\/h2>\n\n\n\n<p>Se&nbsp;deben de poner las primeras vacunas a las seis semanas de vida.<\/p>\n\n\n\n<p>Es aconsejable que una vez destetado el cachorro, no se mezcle con otros&nbsp;perros.<\/p>\n\n\n\n<p>La <strong>segunda vacunaci\u00f3n<\/strong>, se pondr\u00e1 entre las dos y las cuatro semanas de las primeras, en la medida de lo posible, hasta esa fecha, se evitar\u00e1n zonas donde pudieron haber estado otros&nbsp;perros.<\/p>\n\n\n\n<h2 class=\"wp-block-heading\">certificado pedigree<\/h2>\n\n\n\n<p>El&nbsp;pedigree o com\u00fanmente llamado pedigr\u00ed,&nbsp;es un <strong>documento de descendencia oficial<\/strong> que certifica la raza y la pureza del animal.<\/p>\n\n\n\n<p>Para poder hace constancia de la <strong>genealog\u00eda del perro<\/strong>, se debe de estar en posesi\u00f3n de este documento, <strong>durante tres generaciones<\/strong>.<\/p>\n\n\n\n<p>Durante todo este tiempo, mediante registro, se tiene que constatar, que sus antepasados pertenecen a la raza.<\/p>\n\n\n\n<p class=\"caja-destacada\">el pedigree consiste en una constancia de la <strong>ascendencia biol\u00f3gica<\/strong> del animal.<\/p>\n\n\n\n<h2 class=\"wp-block-heading\">consideraciones<\/h2>\n\n\n\n<p>Dependiendo las <strong>razas<\/strong>, los cachorros pueden llegar a ser considerados adultos:<\/p>\n\n\n\n<ul class=\"wp-block-list\"><li>Raza miniatura: 8 meses (4 kg)<\/li><li>R. peque\u00f1a: 10 meses (5 kg a 10 kg)<\/li><li>Raza mediana: 12 meses (11 kg a 25 kg)<\/li><\/ul>\n\n\n\n<h3 class=\"has-text-align-center wp-block-heading\"><span style=\"color:#7f0000\" class=\"has-inline-color\">ponga su anuncio<\/span><\/h3>\n\n\n\n<hr class=\"wp-block-separator\"\/>\n\n\n\n<p class=\"has-text-align-center\">contacte con nosotros<br><strong>elija d\u00f3nde anunciar sus art\u00edculos<\/strong><br>anunciar es gratis<\/p>\n\n\n\n<div class=\"wp-block-image\"><figure class=\"aligncenter size-full\"><img loading=\"lazy\" decoding=\"async\" width=\"395\" height=\"349\" src=\"https:\/\/anuncialoquequieras.com\/wp-content\/uploads\/2021\/11\/anunciar-gratis.jpg\" alt=\"\" class=\"wp-image-1178\" srcset=\"https:\/\/anuncialoquequieras.com\/wp-content\/uploads\/2021\/11\/anunciar-gratis.jpg 395w, https:\/\/anuncialoquequieras.com\/wp-content\/uploads\/2021\/11\/anunciar-gratis-300x265.jpg 300w\" sizes=\"auto, (max-width: 395px) 100vw, 395px\" \/><figcaption><a target=\"_blank\" href=\"https:\/\/anuncialoquequieras.com\/clasificados-ofertas-segunda-mano\/anunciar-gratis\"><span style=\"color:#005cff\" class=\"has-inline-color\"><strong>poner anuncio<\/strong><\/span><\/a><\/figcaption><\/figure><\/div>\n","protected":false},"excerpt":{"rendered":"<p>elija categor\u00edaAnimales de granjaH\u00e1msterP\u00e1jarosPerros (cachorros)Tortugas tierra estad\u00edsticas Sabemos que los gatos&nbsp;ganan como mascotas en 91 pa\u00edses del mundo principalmente en China, Rusia y Canad\u00e1 (Europa y Asia), mientras que los&nbsp;perros&nbsp;lo hacen en otros 76 b\u00e1sicamente en Am\u00e9rica, \u00c1frica y Ocean\u00eda. hogares con mascotas \u00bfQu\u00e9 porcentaje de hogares tienen mascotas? Las cifras afirman que en Espa\u00f1a,&hellip; <a class=\"more-link\" href=\"https:\/\/anuncialoquequieras.com\/clasificados-ofertas-segunda-mano\/mascotas-cachorros-para-adoptar\/\">Seguir leyendo <span class=\"screen-reader-text\">Mascotas<\/span><\/a><\/p>\n","protected":false},"author":1,"featured_media":0,"parent":0,"menu_order":0,"comment_status":"closed","ping_status":"closed","template":"","meta":{"footnotes":""},"class_list":["post-78","page","type-page","status-publish","hentry","entry"],"yoast_head":"<!-- This site is optimized with the Yoast SEO plugin v27.4 - https:\/\/yoast.com\/product\/yoast-seo-wordpress\/ -->\n<title>las mejores mascotas - \u00bfQu\u00e9 porcentaje de hogares tienen mascotas?<\/title>\n<meta name=\"description\" content=\"\u00bfQu\u00e9 porcentaje de hogares tienen mascotas? - Las cifras afirman que en Espa\u00f1a, cerca del 30% de los hogares tiene perro o gato como mascota.\" \/>\n<meta name=\"robots\" content=\"index, follow, max-snippet:-1, max-image-preview:large, max-video-preview:-1\" \/>\n<link rel=\"canonical\" href=\"https:\/\/anuncialoquequieras.com\/clasificados-ofertas-segunda-mano\/mascotas-cachorros-para-adoptar\/\" \/>\n<meta property=\"og:locale\" content=\"es_ES\" \/>\n<meta property=\"og:type\" content=\"article\" \/>\n<meta property=\"og:title\" content=\"las mejores mascotas - \u00bfQu\u00e9 porcentaje de hogares tienen mascotas?\" \/>\n<meta property=\"og:description\" content=\"\u00bfQu\u00e9 porcentaje de hogares tienen mascotas? - Las cifras afirman que en Espa\u00f1a, cerca del 30% de los hogares tiene perro o gato como mascota.\" \/>\n<meta property=\"og:url\" content=\"https:\/\/anuncialoquequieras.com\/clasificados-ofertas-segunda-mano\/mascotas-cachorros-para-adoptar\/\" \/>\n<meta property=\"og:site_name\" content=\"anuncialoquequieras\" \/>\n<meta property=\"article:publisher\" content=\"https:\/\/es-la.facebook.com\/anuncialoquequieras.es\/\" \/>\n<meta property=\"article:modified_time\" content=\"2021-12-13T21:08:53+00:00\" \/>\n<meta property=\"og:image\" content=\"https:\/\/anuncialoquequieras.com\/wp-content\/uploads\/2021\/11\/mascotas.jpg\" \/>\n<meta name=\"twitter:card\" content=\"summary_large_image\" \/>\n<meta name=\"twitter:site\" content=\"@enClasificados\" \/>\n<meta name=\"twitter:label1\" content=\"Tiempo de lectura\" \/>\n\t<meta name=\"twitter:data1\" content=\"4 minutos\" \/>\n<script type=\"application\/ld+json\" class=\"yoast-schema-graph\">{\"@context\":\"https:\\\/\\\/schema.org\",\"@graph\":[{\"@type\":\"WebPage\",\"@id\":\"https:\\\/\\\/anuncialoquequieras.com\\\/clasificados-ofertas-segunda-mano\\\/mascotas-cachorros-para-adoptar\\\/\",\"url\":\"https:\\\/\\\/anuncialoquequieras.com\\\/clasificados-ofertas-segunda-mano\\\/mascotas-cachorros-para-adoptar\\\/\",\"name\":\"las mejores mascotas - \u00bfQu\u00e9 porcentaje de hogares tienen mascotas?\",\"isPartOf\":{\"@id\":\"https:\\\/\\\/anuncialoquequieras.com\\\/clasificados-ofertas-segunda-mano\\\/#website\"},\"primaryImageOfPage\":{\"@id\":\"https:\\\/\\\/anuncialoquequieras.com\\\/clasificados-ofertas-segunda-mano\\\/mascotas-cachorros-para-adoptar\\\/#primaryimage\"},\"image\":{\"@id\":\"https:\\\/\\\/anuncialoquequieras.com\\\/clasificados-ofertas-segunda-mano\\\/mascotas-cachorros-para-adoptar\\\/#primaryimage\"},\"thumbnailUrl\":\"https:\\\/\\\/anuncialoquequieras.com\\\/wp-content\\\/uploads\\\/2021\\\/11\\\/mascotas.jpg\",\"datePublished\":\"2021-10-05T11:00:14+00:00\",\"dateModified\":\"2021-12-13T21:08:53+00:00\",\"description\":\"\u00bfQu\u00e9 porcentaje de hogares tienen mascotas? - Las cifras afirman que en Espa\u00f1a, cerca del 30% de los hogares tiene perro o gato como mascota.\",\"breadcrumb\":{\"@id\":\"https:\\\/\\\/anuncialoquequieras.com\\\/clasificados-ofertas-segunda-mano\\\/mascotas-cachorros-para-adoptar\\\/#breadcrumb\"},\"inLanguage\":\"es\",\"potentialAction\":[{\"@type\":\"ReadAction\",\"target\":[\"https:\\\/\\\/anuncialoquequieras.com\\\/clasificados-ofertas-segunda-mano\\\/mascotas-cachorros-para-adoptar\\\/\"]}]},{\"@type\":\"ImageObject\",\"inLanguage\":\"es\",\"@id\":\"https:\\\/\\\/anuncialoquequieras.com\\\/clasificados-ofertas-segunda-mano\\\/mascotas-cachorros-para-adoptar\\\/#primaryimage\",\"url\":\"https:\\\/\\\/anuncialoquequieras.com\\\/wp-content\\\/uploads\\\/2021\\\/11\\\/mascotas.jpg\",\"contentUrl\":\"https:\\\/\\\/anuncialoquequieras.com\\\/wp-content\\\/uploads\\\/2021\\\/11\\\/mascotas.jpg\"},{\"@type\":\"BreadcrumbList\",\"@id\":\"https:\\\/\\\/anuncialoquequieras.com\\\/clasificados-ofertas-segunda-mano\\\/mascotas-cachorros-para-adoptar\\\/#breadcrumb\",\"itemListElement\":[{\"@type\":\"ListItem\",\"position\":1,\"name\":\"Portada\",\"item\":\"https:\\\/\\\/anuncialoquequieras.com\\\/clasificados-ofertas-segunda-mano\\\/\"},{\"@type\":\"ListItem\",\"position\":2,\"name\":\"Mascotas\"}]},{\"@type\":\"WebSite\",\"@id\":\"https:\\\/\\\/anuncialoquequieras.com\\\/clasificados-ofertas-segunda-mano\\\/#website\",\"url\":\"https:\\\/\\\/anuncialoquequieras.com\\\/clasificados-ofertas-segunda-mano\\\/\",\"name\":\"anuncialoquequieras\",\"description\":\"nuevos y de segunda mano\",\"publisher\":{\"@id\":\"https:\\\/\\\/anuncialoquequieras.com\\\/clasificados-ofertas-segunda-mano\\\/#organization\"},\"potentialAction\":[{\"@type\":\"SearchAction\",\"target\":{\"@type\":\"EntryPoint\",\"urlTemplate\":\"https:\\\/\\\/anuncialoquequieras.com\\\/clasificados-ofertas-segunda-mano\\\/?s={search_term_string}\"},\"query-input\":{\"@type\":\"PropertyValueSpecification\",\"valueRequired\":true,\"valueName\":\"search_term_string\"}}],\"inLanguage\":\"es\"},{\"@type\":\"Organization\",\"@id\":\"https:\\\/\\\/anuncialoquequieras.com\\\/clasificados-ofertas-segunda-mano\\\/#organization\",\"name\":\"anuncialoquequieras\",\"url\":\"https:\\\/\\\/anuncialoquequieras.com\\\/clasificados-ofertas-segunda-mano\\\/\",\"logo\":{\"@type\":\"ImageObject\",\"inLanguage\":\"es\",\"@id\":\"https:\\\/\\\/anuncialoquequieras.com\\\/clasificados-ofertas-segunda-mano\\\/#\\\/schema\\\/logo\\\/image\\\/\",\"url\":\"https:\\\/\\\/anuncialoquequieras.com\\\/wp-content\\\/uploads\\\/2021\\\/12\\\/clasificados.jpg\",\"contentUrl\":\"https:\\\/\\\/anuncialoquequieras.com\\\/wp-content\\\/uploads\\\/2021\\\/12\\\/clasificados.jpg\",\"width\":398,\"height\":375,\"caption\":\"anuncialoquequieras\"},\"image\":{\"@id\":\"https:\\\/\\\/anuncialoquequieras.com\\\/clasificados-ofertas-segunda-mano\\\/#\\\/schema\\\/logo\\\/image\\\/\"},\"sameAs\":[\"https:\\\/\\\/es-la.facebook.com\\\/anuncialoquequieras.es\\\/\",\"https:\\\/\\\/x.com\\\/enClasificados\",\"https:\\\/\\\/www.instagram.com\\\/anuncialoquequieras\\\/\",\"https:\\\/\\\/www.youtube.com\\\/watch?v=KxiauMKONpM\"]}]}<\/script>\n<!-- \/ Yoast SEO plugin. -->","yoast_head_json":{"title":"las mejores mascotas - \u00bfQu\u00e9 porcentaje de hogares tienen mascotas?","description":"\u00bfQu\u00e9 porcentaje de hogares tienen mascotas? - Las cifras afirman que en Espa\u00f1a, cerca del 30% de los hogares tiene perro o gato como mascota.","robots":{"index":"index","follow":"follow","max-snippet":"max-snippet:-1","max-image-preview":"max-image-preview:large","max-video-preview":"max-video-preview:-1"},"canonical":"https:\/\/anuncialoquequieras.com\/clasificados-ofertas-segunda-mano\/mascotas-cachorros-para-adoptar\/","og_locale":"es_ES","og_type":"article","og_title":"las mejores mascotas - \u00bfQu\u00e9 porcentaje de hogares tienen mascotas?","og_description":"\u00bfQu\u00e9 porcentaje de hogares tienen mascotas? - Las cifras afirman que en Espa\u00f1a, cerca del 30% de los hogares tiene perro o gato como mascota.","og_url":"https:\/\/anuncialoquequieras.com\/clasificados-ofertas-segunda-mano\/mascotas-cachorros-para-adoptar\/","og_site_name":"anuncialoquequieras","article_publisher":"https:\/\/es-la.facebook.com\/anuncialoquequieras.es\/","article_modified_time":"2021-12-13T21:08:53+00:00","og_image":[{"url":"https:\/\/anuncialoquequieras.com\/wp-content\/uploads\/2021\/11\/mascotas.jpg","type":"","width":"","height":""}],"twitter_card":"summary_large_image","twitter_site":"@enClasificados","twitter_misc":{"Tiempo de lectura":"4 minutos"},"schema":{"@context":"https:\/\/schema.org","@graph":[{"@type":"WebPage","@id":"https:\/\/anuncialoquequieras.com\/clasificados-ofertas-segunda-mano\/mascotas-cachorros-para-adoptar\/","url":"https:\/\/anuncialoquequieras.com\/clasificados-ofertas-segunda-mano\/mascotas-cachorros-para-adoptar\/","name":"las mejores mascotas - \u00bfQu\u00e9 porcentaje de hogares tienen mascotas?","isPartOf":{"@id":"https:\/\/anuncialoquequieras.com\/clasificados-ofertas-segunda-mano\/#website"},"primaryImageOfPage":{"@id":"https:\/\/anuncialoquequieras.com\/clasificados-ofertas-segunda-mano\/mascotas-cachorros-para-adoptar\/#primaryimage"},"image":{"@id":"https:\/\/anuncialoquequieras.com\/clasificados-ofertas-segunda-mano\/mascotas-cachorros-para-adoptar\/#primaryimage"},"thumbnailUrl":"https:\/\/anuncialoquequieras.com\/wp-content\/uploads\/2021\/11\/mascotas.jpg","datePublished":"2021-10-05T11:00:14+00:00","dateModified":"2021-12-13T21:08:53+00:00","description":"\u00bfQu\u00e9 porcentaje de hogares tienen mascotas? - Las cifras afirman que en Espa\u00f1a, cerca del 30% de los hogares tiene perro o gato como mascota.","breadcrumb":{"@id":"https:\/\/anuncialoquequieras.com\/clasificados-ofertas-segunda-mano\/mascotas-cachorros-para-adoptar\/#breadcrumb"},"inLanguage":"es","potentialAction":[{"@type":"ReadAction","target":["https:\/\/anuncialoquequieras.com\/clasificados-ofertas-segunda-mano\/mascotas-cachorros-para-adoptar\/"]}]},{"@type":"ImageObject","inLanguage":"es","@id":"https:\/\/anuncialoquequieras.com\/clasificados-ofertas-segunda-mano\/mascotas-cachorros-para-adoptar\/#primaryimage","url":"https:\/\/anuncialoquequieras.com\/wp-content\/uploads\/2021\/11\/mascotas.jpg","contentUrl":"https:\/\/anuncialoquequieras.com\/wp-content\/uploads\/2021\/11\/mascotas.jpg"},{"@type":"BreadcrumbList","@id":"https:\/\/anuncialoquequieras.com\/clasificados-ofertas-segunda-mano\/mascotas-cachorros-para-adoptar\/#breadcrumb","itemListElement":[{"@type":"ListItem","position":1,"name":"Portada","item":"https:\/\/anuncialoquequieras.com\/clasificados-ofertas-segunda-mano\/"},{"@type":"ListItem","position":2,"name":"Mascotas"}]},{"@type":"WebSite","@id":"https:\/\/anuncialoquequieras.com\/clasificados-ofertas-segunda-mano\/#website","url":"https:\/\/anuncialoquequieras.com\/clasificados-ofertas-segunda-mano\/","name":"anuncialoquequieras","description":"nuevos y de segunda mano","publisher":{"@id":"https:\/\/anuncialoquequieras.com\/clasificados-ofertas-segunda-mano\/#organization"},"potentialAction":[{"@type":"SearchAction","target":{"@type":"EntryPoint","urlTemplate":"https:\/\/anuncialoquequieras.com\/clasificados-ofertas-segunda-mano\/?s={search_term_string}"},"query-input":{"@type":"PropertyValueSpecification","valueRequired":true,"valueName":"search_term_string"}}],"inLanguage":"es"},{"@type":"Organization","@id":"https:\/\/anuncialoquequieras.com\/clasificados-ofertas-segunda-mano\/#organization","name":"anuncialoquequieras","url":"https:\/\/anuncialoquequieras.com\/clasificados-ofertas-segunda-mano\/","logo":{"@type":"ImageObject","inLanguage":"es","@id":"https:\/\/anuncialoquequieras.com\/clasificados-ofertas-segunda-mano\/#\/schema\/logo\/image\/","url":"https:\/\/anuncialoquequieras.com\/wp-content\/uploads\/2021\/12\/clasificados.jpg","contentUrl":"https:\/\/anuncialoquequieras.com\/wp-content\/uploads\/2021\/12\/clasificados.jpg","width":398,"height":375,"caption":"anuncialoquequieras"},"image":{"@id":"https:\/\/anuncialoquequieras.com\/clasificados-ofertas-segunda-mano\/#\/schema\/logo\/image\/"},"sameAs":["https:\/\/es-la.facebook.com\/anuncialoquequieras.es\/","https:\/\/x.com\/enClasificados","https:\/\/www.instagram.com\/anuncialoquequieras\/","https:\/\/www.youtube.com\/watch?v=KxiauMKONpM"]}]}},"_links":{"self":[{"href":"https:\/\/anuncialoquequieras.com\/clasificados-ofertas-segunda-mano\/wp-json\/wp\/v2\/pages\/78","targetHints":{"allow":["GET"]}}],"collection":[{"href":"https:\/\/anuncialoquequieras.com\/clasificados-ofertas-segunda-mano\/wp-json\/wp\/v2\/pages"}],"about":[{"href":"https:\/\/anuncialoquequieras.com\/clasificados-ofertas-segunda-mano\/wp-json\/wp\/v2\/types\/page"}],"author":[{"embeddable":true,"href":"https:\/\/anuncialoquequieras.com\/clasificados-ofertas-segunda-mano\/wp-json\/wp\/v2\/users\/1"}],"replies":[{"embeddable":true,"href":"https:\/\/anuncialoquequieras.com\/clasificados-ofertas-segunda-mano\/wp-json\/wp\/v2\/comments?post=78"}],"version-history":[{"count":22,"href":"https:\/\/anuncialoquequieras.com\/clasificados-ofertas-segunda-mano\/wp-json\/wp\/v2\/pages\/78\/revisions"}],"predecessor-version":[{"id":2113,"href":"https:\/\/anuncialoquequieras.com\/clasificados-ofertas-segunda-mano\/wp-json\/wp\/v2\/pages\/78\/revisions\/2113"}],"wp:attachment":[{"href":"https:\/\/anuncialoquequieras.com\/clasificados-ofertas-segunda-mano\/wp-json\/wp\/v2\/media?parent=78"}],"curies":[{"name":"wp","href":"https:\/\/api.w.org\/{rel}","templated":true}]}}